{"id":6958,"date":"2024-09-02T14:51:09","date_gmt":"2024-09-02T14:51:09","guid":{"rendered":"https:\/\/victoriapradaperez.com\/servicios\/"},"modified":"2024-09-02T14:57:05","modified_gmt":"2024-09-02T14:57:05","slug":"servicios","status":"publish","type":"page","link":"https:\/\/victoriapradaperez.com\/es\/servicios\/","title":{"rendered":"Servicios"},"content":{"rendered":"\t\t<div data-elementor-type=\"wp-page\" data-elementor-id=\"6958\" class=\"elementor elementor-6958 elementor-6950\">\n\t\t\t\t\t\t<section class=\"elementor-section elementor-top-section elementor-element elementor-element-6e370472 elementor-section-stretched elementor-section-boxed elementor-section-height-default elementor-section-height-default\" data-id=\"6e370472\" data-element_type=\"section\" data-settings=\"{&quot;stretch_section&quot;:&quot;section-stretched&quot;,&quot;background_background&quot;:&quot;classic&quot;}\">\n\t\t\t\t\t\t<div class=\"elementor-container elementor-column-gap-default\">\n\t\t\t\t\t<div class=\"elementor-column elementor-col-100 elementor-top-column elementor-element elementor-element-40ac6448\" data-id=\"40ac6448\" data-element_type=\"column\">\n\t\t\t<div class=\"elementor-widget-wrap elementor-element-populated\">\n\t\t\t\t\t\t<div class=\"elementor-element elementor-element-e3a32c elementor-widget elementor-widget-prelements-heading\" data-id=\"e3a32c\" data-element_type=\"widget\" data-widget_type=\"prelements-heading.default\">\n\t\t\t\t<div class=\"elementor-widget-container\">\n\t\t\t\r\n        <div class=\"prelements-heading style4 animate- center\">\r\n        \t<div class=\"title-inner\">        \t\t      \t\t\r\n\t            <span class=\"sub-text\">Abogada<\/span><h2 class=\"title\"><span class=\"watermark\"><\/span>Especializaciones<\/h2>\t\t\t\t\r\n\t\t\t\t\t        <\/div>\r\n\t                <\/div>\r\n        \t\t<\/div>\n\t\t\t\t<\/div>\n\t\t\t\t<section class=\"elementor-section elementor-inner-section elementor-element elementor-element-4349afc2 elementor-section-boxed elementor-section-height-default elementor-section-height-default\" data-id=\"4349afc2\" data-element_type=\"section\">\n\t\t\t\t\t\t<div class=\"elementor-container elementor-column-gap-default\">\n\t\t\t\t\t<div class=\"elementor-column elementor-col-33 elementor-inner-column elementor-element elementor-element-279fcf5b\" data-id=\"279fcf5b\" data-element_type=\"column\">\n\t\t\t<div class=\"elementor-widget-wrap elementor-element-populated\">\n\t\t\t\t\t\t<div class=\"elementor-element elementor-element-16a76e4c elementor-widget elementor-widget-prelements-service-grid\" data-id=\"16a76e4c\" data-element_type=\"widget\" data-widget_type=\"prelements-service-grid.default\">\n\t\t\t\t<div class=\"elementor-widget-container\">\n\t\t\t\t\t\r\n\t\t<div class=\"prelements-addon-services services-style4\">\r\n\t\t    <div class=\"services-part\">\r\n\t\t    \t\t\t    \t\t<div class=\"services-icon  \">\r\n\r\n\t\t\t    \t\t\r\n\r\n\t\t\t    \t\t\r\n\t\t\t    \t\t\t\t\t    \t\t\t<img decoding=\"async\" src=\"https:\/\/rstheme.com\/products\/wordpress\/advokat-elementor\/wp-content\/uploads\/2019\/06\/business-law.png\" class=\"img-available\" alt=\"image\"\/>\r\n\t\t\t    \t\t\t\t\t    \t\t\r\n\r\n\t\t\t    \t\t\r\n\t\t\t    \t\t\t\t    \t\t<\/div>\r\n\t\t    \t\t\t    \t\t       \r\n\t\t\t    <div class=\"services-text\">\r\n\t\t\t    \t\t\t\t\t    \t<div class=\"services-title\">\r\n\t\t\t\t    \t\t\r\n\t\t\t\t    \t\t\t\t\t    \t\t\t\t\t\t\t    \t\t\t\r\n\t\t\t\t    \t\t<h4  class=\"title\"> <a href=\"#\" >DGAIA E INFANCIAS<\/a><\/h4>\r\n\r\n\t\t\t\t    \t\t\t\t\t\t    \t\t\r\n\t\t\t\t    \t<\/div>\r\n\t\t\t    \t\t\t\t    \t\r\n\t\t\t    \t\t\t\t    \t\t<p class=\"services-txt\">  Desamparos y desamparos preventivos, entre otros...<\/p>\t\r\n\t\t\t    \t\t\r\n\r\n\r\n\t\t\t\t    \r\n\t\t\t    \t\t\t    \t    \t\t\t    \t\t    \t<div class=\"services-btn-part\">\r\n\t\t    \t\t    \t\t\t    \t\t    \t\t\r\n\t    \t\t    \t\t\t<a class=\"services-btn\" href=\"https:\/\/victoriapradaperez.com\/es\/dgaia-e-infancias\/\" >\r\n\r\n\t    \t\t    \t\t\t\t<span class=\"btn_text\">\r\n\t    \t\t    \t\t\t\t\tLeer m\u00e1s    \t\t\t\t\t\t\r\n\t    \t\t    \t\t\t\t<\/span>\r\n\r\n\t    \t\t    \t\t\t\t\t    \t\t    \t\t\t<\/a>    \t\t    \t\t\r\n\t\t    \t\t    \t<\/div>\r\n\t\t    \t    \t\t    \t    \t\r\n\t\t\t    <\/div>\r\n\r\n\t\t\t    \r\n\t\t\t<\/div>\r\n\t\t<\/div>\t\r\n\t\t\r\n\t\t\t<\/div>\n\t\t\t\t<\/div>\n\t\t\t\t<div class=\"elementor-element elementor-element-7df6518d elementor-widget elementor-widget-prelements-service-grid\" data-id=\"7df6518d\" data-element_type=\"widget\" data-widget_type=\"prelements-service-grid.default\">\n\t\t\t\t<div class=\"elementor-widget-container\">\n\t\t\t\t\t\r\n\t\t<div class=\"prelements-addon-services services-style4\">\r\n\t\t    <div class=\"services-part\">\r\n\t\t    \t\t\t    \t\t<div class=\"services-icon  \">\r\n\r\n\t\t\t    \t\t\r\n\r\n\t\t\t    \t\t\r\n\t\t\t    \t\t\t\t\t    \t\t\t<img decoding=\"async\" src=\"https:\/\/rstheme.com\/products\/wordpress\/advokat-elementor\/wp-content\/uploads\/2019\/06\/corporate-security.png\" class=\"img-available\" alt=\"image\"\/>\r\n\t\t\t    \t\t\t\t\t    \t\t\r\n\r\n\t\t\t    \t\t\r\n\t\t\t    \t\t\t\t    \t\t<\/div>\r\n\t\t    \t\t\t    \t\t       \r\n\t\t\t    <div class=\"services-text\">\r\n\t\t\t    \t\t\t\t\t    \t<div class=\"services-title\">\r\n\t\t\t\t    \t\t\r\n\t\t\t\t    \t\t\t\t\t    \t\t\t\t\t\t\t    \t\t\t\r\n\t\t\t\t    \t\t<h4  class=\"title\"> <a href=\"#\" >MUJERES<\/a><\/h4>\r\n\r\n\t\t\t\t    \t\t\t\t\t\t    \t\t\r\n\t\t\t\t    \t<\/div>\r\n\t\t\t    \t\t\t\t    \t\r\n\t\t\t    \t\t\t\t    \t\t<p class=\"services-txt\">  Medidas urgentes de protecci\u00f3n de menores, entre otros...\n\n<\/p>\t\r\n\t\t\t    \t\t\r\n\r\n\r\n\t\t\t\t    \r\n\t\t\t    \t\t\t    \t    \t\t\t    \t\t    \t<div class=\"services-btn-part\">\r\n\t\t    \t\t    \t\t\t    \t\t    \t\t\r\n\t    \t\t    \t\t\t<a class=\"services-btn\" href=\"https:\/\/victoriapradaperez.com\/es\/mujeres\/\" >\r\n\r\n\t    \t\t    \t\t\t\t<span class=\"btn_text\">\r\n\t    \t\t    \t\t\t\t\tLeer m\u00e1s    \t\t\t\t\t\t\r\n\t    \t\t    \t\t\t\t<\/span>\r\n\r\n\t    \t\t    \t\t\t\t\t    \t\t    \t\t\t<\/a>    \t\t    \t\t\r\n\t\t    \t\t    \t<\/div>\r\n\t\t    \t    \t\t    \t    \t\r\n\t\t\t    <\/div>\r\n\r\n\t\t\t    \r\n\t\t\t<\/div>\r\n\t\t<\/div>\t\r\n\t\t\r\n\t\t\t<\/div>\n\t\t\t\t<\/div>\n\t\t\t\t\t<\/div>\n\t\t<\/div>\n\t\t\t\t<div class=\"elementor-column elementor-col-33 elementor-inner-column elementor-element elementor-element-7e16097f\" data-id=\"7e16097f\" data-element_type=\"column\">\n\t\t\t<div class=\"elementor-widget-wrap elementor-element-populated\">\n\t\t\t\t\t\t<div class=\"elementor-element elementor-element-9f086bf elementor-widget elementor-widget-prelements-service-grid\" data-id=\"9f086bf\" data-element_type=\"widget\" data-widget_type=\"prelements-service-grid.default\">\n\t\t\t\t<div class=\"elementor-widget-container\">\n\t\t\t\t\t\r\n\t\t<div class=\"prelements-addon-services services-style4\">\r\n\t\t    <div class=\"services-part\">\r\n\t\t    \t\t\t    \t\t<div class=\"services-icon  \">\r\n\r\n\t\t\t    \t\t\r\n\r\n\t\t\t    \t\t\r\n\t\t\t    \t\t\t\t\t    \t\t\t<img decoding=\"async\" src=\"https:\/\/rstheme.com\/products\/wordpress\/advokat-elementor\/wp-content\/uploads\/2019\/06\/family.png\" class=\"img-available\" alt=\"image\"\/>\r\n\t\t\t    \t\t\t\t\t    \t\t\r\n\r\n\t\t\t    \t\t\r\n\t\t\t    \t\t\t\t    \t\t<\/div>\r\n\t\t    \t\t\t    \t\t       \r\n\t\t\t    <div class=\"services-text\">\r\n\t\t\t    \t\t\t\t\t    \t<div class=\"services-title\">\r\n\t\t\t\t    \t\t\r\n\t\t\t\t    \t\t\t\t\t    \t\t\t\t\t\t\t    \t\t\t\r\n\t\t\t\t    \t\t<h4  class=\"title\"> <a href=\"#\" >LGBTIQ+<\/a><\/h4>\r\n\r\n\t\t\t\t    \t\t\t\t\t\t    \t\t\r\n\t\t\t\t    \t<\/div>\r\n\t\t\t    \t\t\t\t    \t\r\n\t\t\t    \t\t\t\t    \t\t<p class=\"services-txt\">  Asesoramiento espec\u00edfico en tr\u00e1mites administrativos, entre otros...\n\n<\/p>\t\r\n\t\t\t    \t\t\r\n\r\n\r\n\t\t\t\t    \r\n\t\t\t    \t\t\t    \t    \t\t\t    \t\t    \t<div class=\"services-btn-part\">\r\n\t\t    \t\t    \t\t\t    \t\t    \t\t\r\n\t    \t\t    \t\t\t<a class=\"services-btn\" href=\"https:\/\/victoriapradaperez.com\/es\/lgbtiq\/\" >\r\n\r\n\t    \t\t    \t\t\t\t<span class=\"btn_text\">\r\n\t    \t\t    \t\t\t\t\tLeer m\u00e1s    \t\t\t\t\t\t\r\n\t    \t\t    \t\t\t\t<\/span>\r\n\r\n\t    \t\t    \t\t\t\t\t    \t\t    \t\t\t<\/a>    \t\t    \t\t\r\n\t\t    \t\t    \t<\/div>\r\n\t\t    \t    \t\t    \t    \t\r\n\t\t\t    <\/div>\r\n\r\n\t\t\t    \r\n\t\t\t<\/div>\r\n\t\t<\/div>\t\r\n\t\t\r\n\t\t\t<\/div>\n\t\t\t\t<\/div>\n\t\t\t\t<div class=\"elementor-element elementor-element-4ccc23a4 elementor-widget elementor-widget-prelements-service-grid\" data-id=\"4ccc23a4\" data-element_type=\"widget\" data-widget_type=\"prelements-service-grid.default\">\n\t\t\t\t<div class=\"elementor-widget-container\">\n\t\t\t\t\t\r\n\t\t<div class=\"prelements-addon-services services-style4\">\r\n\t\t    <div class=\"services-part\">\r\n\t\t    \t\t\t    \t\t<div class=\"services-icon  \">\r\n\r\n\t\t\t    \t\t\r\n\r\n\t\t\t    \t\t\r\n\t\t\t    \t\t\t\t\t    \t\t\t<img decoding=\"async\" src=\"https:\/\/rstheme.com\/products\/wordpress\/advokat-elementor\/wp-content\/uploads\/2019\/06\/real-estate.png\" class=\"img-available\" alt=\"image\"\/>\r\n\t\t\t    \t\t\t\t\t    \t\t\r\n\r\n\t\t\t    \t\t\r\n\t\t\t    \t\t\t\t    \t\t<\/div>\r\n\t\t    \t\t\t    \t\t       \r\n\t\t\t    <div class=\"services-text\">\r\n\t\t\t    \t\t\t\t\t    \t<div class=\"services-title\">\r\n\t\t\t\t    \t\t\r\n\t\t\t\t    \t\t\t\t\t    \t\t\t\t\t\t\t    \t\t\t\r\n\t\t\t\t    \t\t<h4  class=\"title\"> <a href=\"#\" >ADMINISTRACI\u00d3N P\u00daBLICA<\/a><\/h4>\r\n\r\n\t\t\t\t    \t\t\t\t\t\t    \t\t\r\n\t\t\t\t    \t<\/div>\r\n\t\t\t    \t\t\t\t    \t\r\n\t\t\t    \t\t\t\t    \t\t<p class=\"services-txt\">  Asesoramiento en tr\u00e1mites administrativos, entre otros...\n\n<\/p>\t\r\n\t\t\t    \t\t\r\n\r\n\r\n\t\t\t\t    \r\n\t\t\t    \t\t\t    \t    \t\t\t    \t\t    \t<div class=\"services-btn-part\">\r\n\t\t    \t\t    \t\t\t    \t\t    \t\t\r\n\t    \t\t    \t\t\t<a class=\"services-btn\" href=\"https:\/\/victoriapradaperez.com\/es\/administracion-publica\/\" >\r\n\r\n\t    \t\t    \t\t\t\t<span class=\"btn_text\">\r\n\t    \t\t    \t\t\t\t\tLeer m\u00e1s    \t\t\t\t\t\t\r\n\t    \t\t    \t\t\t\t<\/span>\r\n\r\n\t    \t\t    \t\t\t\t\t    \t\t    \t\t\t<\/a>    \t\t    \t\t\r\n\t\t    \t\t    \t<\/div>\r\n\t\t    \t    \t\t    \t    \t\r\n\t\t\t    <\/div>\r\n\r\n\t\t\t    \r\n\t\t\t<\/div>\r\n\t\t<\/div>\t\r\n\t\t\r\n\t\t\t<\/div>\n\t\t\t\t<\/div>\n\t\t\t\t<div class=\"elementor-element elementor-element-1ba43b0c elementor-widget elementor-widget-prelements-service-grid\" data-id=\"1ba43b0c\" data-element_type=\"widget\" data-widget_type=\"prelements-service-grid.default\">\n\t\t\t\t<div class=\"elementor-widget-container\">\n\t\t\t\t\t\r\n\t\t<div class=\"prelements-addon-services services-style4\">\r\n\t\t    <div class=\"services-part\">\r\n\t\t    \t\t\t    \t\t<div class=\"services-icon  \">\r\n\r\n\t\t\t    \t\t\r\n\r\n\t\t\t    \t\t\r\n\t\t\t    \t\t\t\t\t    \t\t\t<img decoding=\"async\" src=\"https:\/\/rstheme.com\/products\/wordpress\/advokat-elementor\/wp-content\/uploads\/2019\/06\/personal-injury.png\" class=\"img-available\" alt=\"image\"\/>\r\n\t\t\t    \t\t\t\t\t    \t\t\r\n\r\n\t\t\t    \t\t\r\n\t\t\t    \t\t\t\t    \t\t<\/div>\r\n\t\t    \t\t\t    \t\t       \r\n\t\t\t    <div class=\"services-text\">\r\n\t\t\t    \t\t\t\t\t    \t<div class=\"services-title\">\r\n\t\t\t\t    \t\t\r\n\t\t\t\t    \t\t\t\t\t    \t\t\t\t\t\t\t    \t\t\t\r\n\t\t\t\t    \t\t<h4  class=\"title\"> <a href=\"#\" >DISCAPACIDADES<\/a><\/h4>\r\n\r\n\t\t\t\t    \t\t\t\t\t\t    \t\t\r\n\t\t\t\t    \t<\/div>\r\n\t\t\t    \t\t\t\t    \t\r\n\t\t\t    \t\t\t\t    \t\t<p class=\"services-txt\">  Asesoramiento espec\u00edfico en tr\u00e1mites administrativos, entre otros...\n<\/p>\t\r\n\t\t\t    \t\t\r\n\r\n\r\n\t\t\t\t    \r\n\t\t\t    \t\t\t    \t    \t\t\t    \t\t    \t<div class=\"services-btn-part\">\r\n\t\t    \t\t    \t\t\t    \t\t    \t\t\r\n\t    \t\t    \t\t\t<a class=\"services-btn\" href=\"https:\/\/victoriapradaperez.com\/es\/discapacidades\/\" >\r\n\r\n\t    \t\t    \t\t\t\t<span class=\"btn_text\">\r\n\t    \t\t    \t\t\t\t\tLeer m\u00e1s    \t\t\t\t\t\t\r\n\t    \t\t    \t\t\t\t<\/span>\r\n\r\n\t    \t\t    \t\t\t\t\t    \t\t    \t\t\t<\/a>    \t\t    \t\t\r\n\t\t    \t\t    \t<\/div>\r\n\t\t    \t    \t\t    \t    \t\r\n\t\t\t    <\/div>\r\n\r\n\t\t\t    \r\n\t\t\t<\/div>\r\n\t\t<\/div>\t\r\n\t\t\r\n\t\t\t<\/div>\n\t\t\t\t<\/div>\n\t\t\t\t\t<\/div>\n\t\t<\/div>\n\t\t\t\t<div class=\"elementor-column elementor-col-33 elementor-inner-column elementor-element elementor-element-9039cb3\" data-id=\"9039cb3\" data-element_type=\"column\">\n\t\t\t<div class=\"elementor-widget-wrap elementor-element-populated\">\n\t\t\t\t\t\t<div class=\"elementor-element elementor-element-260515a8 elementor-widget elementor-widget-prelements-service-grid\" data-id=\"260515a8\" data-element_type=\"widget\" data-widget_type=\"prelements-service-grid.default\">\n\t\t\t\t<div class=\"elementor-widget-container\">\n\t\t\t\t\t\r\n\t\t<div class=\"prelements-addon-services services-style4\">\r\n\t\t    <div class=\"services-part\">\r\n\t\t    \t\t\t    \t\t<div class=\"services-icon  \">\r\n\r\n\t\t\t    \t\t\r\n\r\n\t\t\t    \t\t\r\n\t\t\t    \t\t\t\t\t    \t\t\t<img decoding=\"async\" src=\"https:\/\/rstheme.com\/products\/wordpress\/advokat-elementor\/wp-content\/uploads\/2019\/06\/education.png\" class=\"img-available\" alt=\"image\"\/>\r\n\t\t\t    \t\t\t\t\t    \t\t\r\n\r\n\t\t\t    \t\t\r\n\t\t\t    \t\t\t\t    \t\t<\/div>\r\n\t\t    \t\t\t    \t\t       \r\n\t\t\t    <div class=\"services-text\">\r\n\t\t\t    \t\t\t\t\t    \t<div class=\"services-title\">\r\n\t\t\t\t    \t\t\r\n\t\t\t\t    \t\t\t\t\t    \t\t\t\t\t\t\t    \t\t\t\r\n\t\t\t\t    \t\t<h4  class=\"title\"> <a href=\"#\" >FAMILIA<\/a><\/h4>\r\n\r\n\t\t\t\t    \t\t\t\t\t\t    \t\t\r\n\t\t\t\t    \t<\/div>\r\n\t\t\t    \t\t\t\t    \t\r\n\t\t\t    \t\t\t\t    \t\t<p class=\"services-txt\">  Separaciones y divorcios de mutuo acuerdo y contenciosos, entre otros...\n\n<\/p>\t\r\n\t\t\t    \t\t\r\n\r\n\r\n\t\t\t\t    \r\n\t\t\t    \t\t\t    \t    \t\t\t    \t\t    \t<div class=\"services-btn-part\">\r\n\t\t    \t\t    \t\t\t    \t\t    \t\t\r\n\t    \t\t    \t\t\t<a class=\"services-btn\" href=\"https:\/\/victoriapradaperez.com\/es\/familia\/\" >\r\n\r\n\t    \t\t    \t\t\t\t<span class=\"btn_text\">\r\n\t    \t\t    \t\t\t\t\tLeer m\u00e7as    \t\t\t\t\t\t\r\n\t    \t\t    \t\t\t\t<\/span>\r\n\r\n\t    \t\t    \t\t\t\t\t    \t\t    \t\t\t<\/a>    \t\t    \t\t\r\n\t\t    \t\t    \t<\/div>\r\n\t\t    \t    \t\t    \t    \t\r\n\t\t\t    <\/div>\r\n\r\n\t\t\t    \r\n\t\t\t<\/div>\r\n\t\t<\/div>\t\r\n\t\t\r\n\t\t\t<\/div>\n\t\t\t\t<\/div>\n\t\t\t\t<div class=\"elementor-element elementor-element-4a28d209 elementor-widget elementor-widget-prelements-service-grid\" data-id=\"4a28d209\" data-element_type=\"widget\" data-widget_type=\"prelements-service-grid.default\">\n\t\t\t\t<div class=\"elementor-widget-container\">\n\t\t\t\t\t\r\n\t\t<div class=\"prelements-addon-services services-style4\">\r\n\t\t    <div class=\"services-part\">\r\n\t\t    \t\t\t    \t\t<div class=\"services-icon  \">\r\n\r\n\t\t\t    \t\t\r\n\r\n\t\t\t    \t\t\r\n\t\t\t    \t\t\t\t\t    \t\t\t<img decoding=\"async\" src=\"https:\/\/rstheme.com\/products\/wordpress\/advokat-elementor\/wp-content\/uploads\/2019\/06\/real-estate.png\" class=\"img-available\" alt=\"image\"\/>\r\n\t\t\t    \t\t\t\t\t    \t\t\r\n\r\n\t\t\t    \t\t\r\n\t\t\t    \t\t\t\t    \t\t<\/div>\r\n\t\t    \t\t\t    \t\t       \r\n\t\t\t    <div class=\"services-text\">\r\n\t\t\t    \t\t\t\t\t    \t<div class=\"services-title\">\r\n\t\t\t\t    \t\t\r\n\t\t\t\t    \t\t\t\t\t    \t\t\t\t\t\t\t    \t\t\t\r\n\t\t\t\t    \t\t<h4  class=\"title\"> <a href=\"#\" >LITIGACI\u00d3N INTERNACIONAL<\/a><\/h4>\r\n\r\n\t\t\t\t    \t\t\t\t\t\t    \t\t\r\n\t\t\t\t    \t<\/div>\r\n\t\t\t    \t\t\t\t    \t\r\n\t\t\t    \t\t\t\t    \t\t<p class=\"services-txt\">  Procedimientos frente a los Comit\u00e9s de Naciones Unidas, entre otros.\n\n<\/p>\t\r\n\t\t\t    \t\t\r\n\r\n\r\n\t\t\t\t    \r\n\t\t\t    \t\t\t    \t    \t\t\t    \t\t    \t<div class=\"services-btn-part\">\r\n\t\t    \t\t    \t\t\t    \t\t    \t\t\r\n\t    \t\t    \t\t\t<a class=\"services-btn\" href=\"https:\/\/victoriapradaperez.com\/es\/litigacion-internacional\/\" >\r\n\r\n\t    \t\t    \t\t\t\t<span class=\"btn_text\">\r\n\t    \t\t    \t\t\t\t\tLeer m\u00e1s    \t\t\t\t\t\t\r\n\t    \t\t    \t\t\t\t<\/span>\r\n\r\n\t    \t\t    \t\t\t\t\t    \t\t    \t\t\t<\/a>    \t\t    \t\t\r\n\t\t    \t\t    \t<\/div>\r\n\t\t    \t    \t\t    \t    \t\r\n\t\t\t    <\/div>\r\n\r\n\t\t\t    \r\n\t\t\t<\/div>\r\n\t\t<\/div>\t\r\n\t\t\r\n\t\t\t<\/div>\n\t\t\t\t<\/div>\n\t\t\t\t\t<\/div>\n\t\t<\/div>\n\t\t\t\t\t<\/div>\n\t\t<\/section>\n\t\t\t\t\t<\/div>\n\t\t<\/div>\n\t\t\t\t\t<\/div>\n\t\t<\/section>\n\t\t\t\t<\/div>\n\t\t","protected":false},"excerpt":{"rendered":"<p>Abogada Especializaciones DGAIA E INFANCIAS Desamparos y desamparos preventivos, entre otros&#8230; Leer m\u00e1s MUJERES Medidas urgentes de protecci\u00f3n de menores, entre otros&#8230; Leer m\u00e1s LGBTIQ+ Asesoramiento espec\u00edfico en tr\u00e1mites administrativos, entre otros&#8230; Leer m\u00e1s ADMINISTRACI\u00d3N P\u00daBLICA Asesoramiento en tr\u00e1mites administrativos, entre otros&#8230; Leer m\u00e1s DISCAPACIDADES Asesoramiento espec\u00edfico en tr\u00e1mites administrativos, entre otros&#8230; Leer m\u00e1s FAMILIA&#8230;<\/p>\n","protected":false},"author":1,"featured_media":0,"parent":0,"menu_order":0,"comment_status":"closed","ping_status":"closed","template":"","meta":{"footnotes":""},"class_list":["post-6958","page","type-page","status-publish","hentry"],"yoast_head":"<!-- This site is optimized with the Yoast SEO plugin v25.8 - https:\/\/yoast.com\/wordpress\/plugins\/seo\/ -->\n<title>Servicios - Victoria Prada<\/title>\n<meta name=\"robots\" content=\"index, follow, max-snippet:-1, max-image-preview:large, max-video-preview:-1\" \/>\n<link rel=\"canonical\" href=\"https:\/\/victoriapradaperez.com\/serveis\/\" \/>\n<meta property=\"og:locale\" content=\"es_ES\" \/>\n<meta property=\"og:type\" content=\"article\" \/>\n<meta property=\"og:title\" content=\"Servicios - Victoria Prada\" \/>\n<meta property=\"og:description\" content=\"Abogada Especializaciones DGAIA E INFANCIAS Desamparos y desamparos preventivos, entre otros&#8230; Leer m\u00e1s MUJERES Medidas urgentes de protecci\u00f3n de menores, entre otros&#8230; Leer m\u00e1s LGBTIQ+ Asesoramiento espec\u00edfico en tr\u00e1mites administrativos, entre otros&#8230; Leer m\u00e1s ADMINISTRACI\u00d3N P\u00daBLICA Asesoramiento en tr\u00e1mites administrativos, entre otros&#8230; Leer m\u00e1s DISCAPACIDADES Asesoramiento espec\u00edfico en tr\u00e1mites administrativos, entre otros&#8230; Leer m\u00e1s FAMILIA...\" \/>\n<meta property=\"og:url\" content=\"https:\/\/victoriapradaperez.com\/serveis\/\" \/>\n<meta property=\"og:site_name\" content=\"Victoria Prada\" \/>\n<meta property=\"article:modified_time\" content=\"2024-09-02T14:57:05+00:00\" \/>\n<meta property=\"og:image\" content=\"https:\/\/rstheme.com\/products\/wordpress\/advokat-elementor\/wp-content\/uploads\/2019\/06\/business-law.png\" \/>\n<meta name=\"twitter:card\" content=\"summary_large_image\" \/>\n<script type=\"application\/ld+json\" class=\"yoast-schema-graph\">{\"@context\":\"https:\/\/schema.org\",\"@graph\":[{\"@type\":\"WebPage\",\"@id\":\"https:\/\/victoriapradaperez.com\/serveis\/\",\"url\":\"https:\/\/victoriapradaperez.com\/serveis\/\",\"name\":\"Servicios - Victoria Prada\",\"isPartOf\":{\"@id\":\"https:\/\/victoriapradaperez.com\/#website\"},\"primaryImageOfPage\":{\"@id\":\"https:\/\/victoriapradaperez.com\/serveis\/#primaryimage\"},\"image\":{\"@id\":\"https:\/\/victoriapradaperez.com\/serveis\/#primaryimage\"},\"thumbnailUrl\":\"https:\/\/rstheme.com\/products\/wordpress\/advokat-elementor\/wp-content\/uploads\/2019\/06\/business-law.png\",\"datePublished\":\"2024-09-02T14:51:09+00:00\",\"dateModified\":\"2024-09-02T14:57:05+00:00\",\"breadcrumb\":{\"@id\":\"https:\/\/victoriapradaperez.com\/serveis\/#breadcrumb\"},\"inLanguage\":\"es\",\"potentialAction\":[{\"@type\":\"ReadAction\",\"target\":[\"https:\/\/victoriapradaperez.com\/serveis\/\"]}]},{\"@type\":\"ImageObject\",\"inLanguage\":\"es\",\"@id\":\"https:\/\/victoriapradaperez.com\/serveis\/#primaryimage\",\"url\":\"https:\/\/rstheme.com\/products\/wordpress\/advokat-elementor\/wp-content\/uploads\/2019\/06\/business-law.png\",\"contentUrl\":\"https:\/\/rstheme.com\/products\/wordpress\/advokat-elementor\/wp-content\/uploads\/2019\/06\/business-law.png\"},{\"@type\":\"BreadcrumbList\",\"@id\":\"https:\/\/victoriapradaperez.com\/serveis\/#breadcrumb\",\"itemListElement\":[{\"@type\":\"ListItem\",\"position\":1,\"name\":\"Inici\",\"item\":\"https:\/\/victoriapradaperez.com\/es\/\"},{\"@type\":\"ListItem\",\"position\":2,\"name\":\"Servicios\"}]},{\"@type\":\"WebSite\",\"@id\":\"https:\/\/victoriapradaperez.com\/#website\",\"url\":\"https:\/\/victoriapradaperez.com\/\",\"name\":\"Victoria Prada\",\"description\":\"Advocada especialitzada en drets de la inf\u00e0ncia\",\"potentialAction\":[{\"@type\":\"SearchAction\",\"target\":{\"@type\":\"EntryPoint\",\"urlTemplate\":\"https:\/\/victoriapradaperez.com\/?s={search_term_string}\"},\"query-input\":{\"@type\":\"PropertyValueSpecification\",\"valueRequired\":true,\"valueName\":\"search_term_string\"}}],\"inLanguage\":\"es\"}]}<\/script>\n<!-- \/ Yoast SEO plugin. -->","yoast_head_json":{"title":"Servicios - Victoria Prada","robots":{"index":"index","follow":"follow","max-snippet":"max-snippet:-1","max-image-preview":"max-image-preview:large","max-video-preview":"max-video-preview:-1"},"canonical":"https:\/\/victoriapradaperez.com\/serveis\/","og_locale":"es_ES","og_type":"article","og_title":"Servicios - Victoria Prada","og_description":"Abogada Especializaciones DGAIA E INFANCIAS Desamparos y desamparos preventivos, entre otros&#8230; Leer m\u00e1s MUJERES Medidas urgentes de protecci\u00f3n de menores, entre otros&#8230; Leer m\u00e1s LGBTIQ+ Asesoramiento espec\u00edfico en tr\u00e1mites administrativos, entre otros&#8230; Leer m\u00e1s ADMINISTRACI\u00d3N P\u00daBLICA Asesoramiento en tr\u00e1mites administrativos, entre otros&#8230; Leer m\u00e1s DISCAPACIDADES Asesoramiento espec\u00edfico en tr\u00e1mites administrativos, entre otros&#8230; Leer m\u00e1s FAMILIA...","og_url":"https:\/\/victoriapradaperez.com\/serveis\/","og_site_name":"Victoria Prada","article_modified_time":"2024-09-02T14:57:05+00:00","og_image":[{"url":"https:\/\/rstheme.com\/products\/wordpress\/advokat-elementor\/wp-content\/uploads\/2019\/06\/business-law.png","type":"","width":"","height":""}],"twitter_card":"summary_large_image","schema":{"@context":"https:\/\/schema.org","@graph":[{"@type":"WebPage","@id":"https:\/\/victoriapradaperez.com\/serveis\/","url":"https:\/\/victoriapradaperez.com\/serveis\/","name":"Servicios - Victoria Prada","isPartOf":{"@id":"https:\/\/victoriapradaperez.com\/#website"},"primaryImageOfPage":{"@id":"https:\/\/victoriapradaperez.com\/serveis\/#primaryimage"},"image":{"@id":"https:\/\/victoriapradaperez.com\/serveis\/#primaryimage"},"thumbnailUrl":"https:\/\/rstheme.com\/products\/wordpress\/advokat-elementor\/wp-content\/uploads\/2019\/06\/business-law.png","datePublished":"2024-09-02T14:51:09+00:00","dateModified":"2024-09-02T14:57:05+00:00","breadcrumb":{"@id":"https:\/\/victoriapradaperez.com\/serveis\/#breadcrumb"},"inLanguage":"es","potentialAction":[{"@type":"ReadAction","target":["https:\/\/victoriapradaperez.com\/serveis\/"]}]},{"@type":"ImageObject","inLanguage":"es","@id":"https:\/\/victoriapradaperez.com\/serveis\/#primaryimage","url":"https:\/\/rstheme.com\/products\/wordpress\/advokat-elementor\/wp-content\/uploads\/2019\/06\/business-law.png","contentUrl":"https:\/\/rstheme.com\/products\/wordpress\/advokat-elementor\/wp-content\/uploads\/2019\/06\/business-law.png"},{"@type":"BreadcrumbList","@id":"https:\/\/victoriapradaperez.com\/serveis\/#breadcrumb","itemListElement":[{"@type":"ListItem","position":1,"name":"Inici","item":"https:\/\/victoriapradaperez.com\/es\/"},{"@type":"ListItem","position":2,"name":"Servicios"}]},{"@type":"WebSite","@id":"https:\/\/victoriapradaperez.com\/#website","url":"https:\/\/victoriapradaperez.com\/","name":"Victoria Prada","description":"Advocada especialitzada en drets de la inf\u00e0ncia","potentialAction":[{"@type":"SearchAction","target":{"@type":"EntryPoint","urlTemplate":"https:\/\/victoriapradaperez.com\/?s={search_term_string}"},"query-input":{"@type":"PropertyValueSpecification","valueRequired":true,"valueName":"search_term_string"}}],"inLanguage":"es"}]}},"_links":{"self":[{"href":"https:\/\/victoriapradaperez.com\/es\/wp-json\/wp\/v2\/pages\/6958","targetHints":{"allow":["GET"]}}],"collection":[{"href":"https:\/\/victoriapradaperez.com\/es\/wp-json\/wp\/v2\/pages"}],"about":[{"href":"https:\/\/victoriapradaperez.com\/es\/wp-json\/wp\/v2\/types\/page"}],"author":[{"embeddable":true,"href":"https:\/\/victoriapradaperez.com\/es\/wp-json\/wp\/v2\/users\/1"}],"replies":[{"embeddable":true,"href":"https:\/\/victoriapradaperez.com\/es\/wp-json\/wp\/v2\/comments?post=6958"}],"version-history":[{"count":4,"href":"https:\/\/victoriapradaperez.com\/es\/wp-json\/wp\/v2\/pages\/6958\/revisions"}],"predecessor-version":[{"id":6968,"href":"https:\/\/victoriapradaperez.com\/es\/wp-json\/wp\/v2\/pages\/6958\/revisions\/6968"}],"wp:attachment":[{"href":"https:\/\/victoriapradaperez.com\/es\/wp-json\/wp\/v2\/media?parent=6958"}],"curies":[{"name":"wp","href":"https:\/\/api.w.org\/{rel}","templated":true}]}}