{"id":6794,"date":"2024-08-30T09:26:09","date_gmt":"2024-08-30T09:26:09","guid":{"rendered":"https:\/\/victoriapradaperez.com\/politica-de-cookies\/"},"modified":"2024-08-30T14:51:50","modified_gmt":"2024-08-30T14:51:50","slug":"politica-de-cookies","status":"publish","type":"page","link":"https:\/\/victoriapradaperez.com\/es\/politica-de-cookies\/","title":{"rendered":"Pol\u00edtica de cookies"},"content":{"rendered":"\n<p>\n          <strong>INTRODUCCI\u00d3N<\/strong>\n        <\/p>\n\n<p>La web de Victoria Prada P\u00e9rez.utiliza cookies propias y de terceros. Una cookie es un archivo que se descarga en su ordenador al acceder a determinadas p\u00e1ginas web. Las cookies permiten a una p\u00e1gina web, entre otras finalidades, asegurar el correcto funcionamiento de la p\u00e1gina, permitir al Usuario un acceso m\u00e1s r\u00e1pido a los servicios seleccionados, almacenar y recuperar informaci\u00f3n sobre los h\u00e1bitos de navegaci\u00f3n de un usuario o de su equipo e incluso, dependiendo de la informaci\u00f3n que contengan y de la forma en que utiliza su equipo, se pueden utilizar para reconocer al usuario. Las cookies se asocian \u00fanicamente a un usuario an\u00f3nimo y su ordenador o dispositivo y no proporcionan referencias que permitan conocer sus datos personales., salvo permiso expreso de aqu\u00e9l.<\/p>\n\n<p>El usuario puede, en todo momento, aceptar o rechazar las cookies instaladas que no sean estrictamente necesarias para el correcto funcionamiento de la web y el acceso al Usuario a sus servicios, a trav\u00e9s del panel de ajuste de cookies proporcionado en nuestra web. Asimismo, podr\u00e1 configurar su navegador en todo momento sin que ello perjudique la posibilidad del Usuario de acceder a los contenidos. No obstante, le informamos que el rechazo de las cookies puede disminuir el buen funcionamiento de la web.  <\/p>\n\n<p>\n          <strong>COOKIES AFECTADAS POR LA NORMATIVA Y COOKIES EXENTAS<\/strong>\n        <\/p>\n\n<p>Seg\u00fan la directiva de la UE, las galletas que requieren el consentimiento informado por parte del usuario son las galletas de anal\u00edtica, las de publicidad y afiliaci\u00f3n, quedando exceptuadas las de car\u00e1cter t\u00e9cnico y las necesarias para el funcionamiento del sitio web o la prestaci\u00f3n de servicios expresamente solicitados por el usuario.<\/p>\n\n<p>\n          <strong>TIPO DE COOKIES<\/strong>\n        <\/p>\n\n<ol class=\"wp-block-list\">\n<li>a) Seg\u00fan la entidad que las gestione, existen cookies propias (aquellas que se env\u00edan al equipo terminal del usuario desde un equipo o dominio gestionado por el propio editor y desde el que se presta el servicio s\u00f3lo licitado por el usuario) y de terceros (las que se env\u00edan al equipo terminal del usuario desde un equipo o dominio que no es gestionado por el editor, sino por otra entidad que trata los datos obtenidos mediante las galletas).<\/li>\n\n\n\n<li>b) Seg\u00fan el tiempo que permanecen activas, est\u00e1n las de sesi\u00f3n (dise\u00f1adas para pedir y almacenar datos mientras el usuario accede a una p\u00e1gina web) y las persistentes (en las que los datos se almacenan en el terminal y pueden ser accedidos y tratados durante un per\u00edodo definido por el responsable de la galleta (puede ir de unos minutos a varios a\u00f1os).<\/li>\n\n\n\n<li>c) Seg\u00fan la finalidad para la que tratan la informaci\u00f3n que recopilan, pueden ser:<\/li>\n<\/ol>\n\n<p>&#8211; Cookies t\u00e9cnicas (necesarias para el uso de la web y la prestaci\u00f3n del servicio contratado),<\/p>\n\n<p>\u2013 Cookies de personalizaci\u00f3n (que permiten al usuario acceder al servicio con caracter\u00edsticas predefinidas, como el idioma, el tipo de navegador, la configuraci\u00f3n regional, etc.)<\/p>\n\n<p>&#8211; Cookies de an\u00e1lisis (recojen informaci\u00f3n del uso que se realiza de la web),<\/p>\n\n<p>\u2013 Cookies publicitarias (recogen informaci\u00f3n sobre las preferencias y elecciones personales de los usuarios),<\/p>\n\n<p>&#8211; Cookies de afiliados (permiten realizar un seguimiento de las visitas procedentes de otras webs, con las que el sitio web establece un contrato de afiliaci\u00f3n).<\/p>\n\n<p>\n          <strong>TIPO DE COOKIES UTILIZADAS PARA ESTE SITIO WEB<\/strong>\n        <\/p>\n\n<figure class=\"wp-block-table\"><table class=\"has-fixed-layout\"><tbody><tr><td>\n          <strong>Nombre<\/strong>\n        <\/td><td>Google Analytics (_ga)<\/td><td>Google Analytics (_gid)<\/td><td>Google Analytics (_gato)<\/td><\/tr><tr><td>Finalidad<\/td><td>Se utiliza para identificar y distinguir a un usuario. Almacenan un identificador de cliente \u00fanico (ID de cliente), que se genera aleatoriamente. Se utiliza para calcular las interacciones de los usuarios (visitas, datos de usuarios, sesiones y campa\u00f1as), a fin de optimizar los servicios que ofrecen.  <\/td><td>Se utiliza para identificar al propio usuario durante un d\u00eda.<\/td><td>Se utiliza para diferenciar entre los distintos objetos de seguimiento creados en la sesi\u00f3n. La cookie se actualiza cada vez que env\u00ede los datos a Google Analytics. <\/td><\/tr><tr><td>  Duraci\u00f3n<\/td><td>2 a\u00f1os<\/td><td>24 horas<\/td><td>1 minuto<\/td><\/tr><\/tbody><\/table><\/figure>\n\n<p>Mientras navega por nuestra web, se pueden almacenar en su navegador las cookies de nuestras redes sociales. A continuaci\u00f3n, le indicamos los enlaces sobre las cookies de las redes sociales que utilizamos en esta web: <\/p>\n\n<p>\n          <strong>REVOCACI\u00d3N<\/strong>\n        <\/p>\n\n<p>En todo momento podr\u00e1 acceder a la configuraci\u00f3n de su navegador aceptando o rechazando todas las cookies, o bien seleccionar aquellas que la instalaci\u00f3n admite y las que no, siguiendo uno de los siguientes procedimientos, que depende del navegador que utilice:<\/p>\n\n<p><strong>Google Chrome<\/strong> (en el Men\u00fa Herramientas):<\/p>\n\n<p>Configuraci\u00f3n&gt; Mostrar opciones avanzadas&gt; Privacidad (Configuraci\u00f3n de contenido)&gt; Cookies:<\/p>\n\n<figure class=\"wp-block-embed\"><div class=\"wp-block-embed__wrapper\"> \nhttps:\/\/support.google.com\/chrome\/answer\/95647?co=GENIE.Platform%3DDesktop&#038;hl=es\n <\/div><\/figure>\n\n<p><strong>Microsoft Internet Explorer<\/strong> (en el Men\u00fa Herramientas):<\/p>\n\n<p>Opciones de Internet&gt; Privacidad&gt; Avanzada:<\/p>\n\n<figure class=\"wp-block-embed\"><div class=\"wp-block-embed__wrapper\"> \nhttps:\/\/support.microsoft.com\/es-es\/help\/17442\/windows-internet-explorer-delete-manage-cookies\n <\/div><\/figure>\n\n<p>\n          <strong>Firefox:<\/strong>\n        <\/p>\n\n<p>Opciones&gt; Privacidad&gt; Cookies:<\/p>\n\n<figure class=\"wp-block-embed\"><div class=\"wp-block-embed__wrapper\"> \nhttps:\/\/support.mozilla.org\/es\/kb\/habilitar-y-deshabilitar-cookies-sitios-web-rastrear-preferencias\n <\/div><\/figure>\n\n<p>\n          <strong>Safari, iPad y iPhone:<\/strong>\n        <\/p>\n\n<p>Preferencias&gt; Privacidad<\/p>\n\n<figure class=\"wp-block-embed\"><div class=\"wp-block-embed__wrapper\"> \nhttps:\/\/support.apple.com\/kb\/ph21411?locale=es_ES\n <\/div><\/figure>\n\n<p>\n          <strong>Opera:<\/strong>\n        <\/p>\n\n<p>Configuraci\u00f3n&gt; Opciones&gt; Avanzada&gt; Cookies<\/p>\n\n<p>http:\/\/help.opera.com\/Windows\/12.00\/es-ES\/cookies.html<\/p>\n\n<p>Estos navegadores est\u00e1n sometidos a cambios o modificaciones, por lo que no podemos garantizar que se ajusten completamente a la versi\u00f3n de su navegador. Tambi\u00e9n puede que utilice otro navegador no contemplado en estos enlaces como Konqueror, Arora, Flock, etc. Para evitar estos desajustes, puede acceder directamente desde las opciones de su navegador, generalmente en el men\u00fa de \u201cOpciones\u201d en la secci\u00f3n de \u201cPrivacidad\u201d. (Por favor, consulte la ayuda de su navegador para m\u00e1s informaci\u00f3n).   <\/p>\n\n<p>\n          <strong>DESACTIVACI\u00d3N \/ ACTIVACI\u00d3N Y ELIMINACI\u00d3N DE COOKIES<\/strong>\n        <\/p>\n\n<p>Para restringir o bloquear las cookies, se realiza a trav\u00e9s de la configuraci\u00f3n del navegador.<\/p>\n\n<p>Si no desea que los sitios web pongan ninguna cookie en su equipo, puede adaptar la configuraci\u00f3n del navegador de forma que se le notifique antes de que se coloque ninguna cookie. Del mismo modo, puede adaptar la configuraci\u00f3n de forma que el navegador rechace todas las cookies, o \u00fanicamente las cookies de terceros. Tambi\u00e9n puede eliminar cualquiera de las cookies que ya se encuentren en el equipo. Recuerde que deber\u00e1 adaptar por separado la configuraci\u00f3n de cada navegador y equipo que utilice.   <\/p>\n\n<p>Recuerde que si no desea recibir cookies, ya no podremos garantizar que nuestro sitio web funcione como es debido. Puede que algunas funciones del sitio se pierdan y es posible que ya no pueda ver ciertos sitios web. Adem\u00e1s, rechaz\u00f3 las cookies no significa que ya no vaya a ver anuncios publicitarios. Simplemente los anuncios no se ajustar\u00e1n a sus intereses y se repetir\u00e1n con mayor frecuencia.   <\/p>\n\n<p>Cada navegador tiene un m\u00e9todo diferente para adaptar su configuraci\u00f3n. Si es necesario, consulte la funci\u00f3n de ayuda del navegador para establecer la configuraci\u00f3n correcta. <\/p>\n\n<p>Para desactivar las cookies en el tel\u00e9fono m\u00f3vil, consulte el manual del dispositivo para obtener m\u00e1s informaci\u00f3n.<\/p>\n\n<p>Puede obtener m\u00e1s informaci\u00f3n sobre las cookies en Internet, <a href=\"http:\/\/www.aboutcookies.org\/\">http:\/\/www.aboutcookies.org\/<\/a> .<\/p>\n\n<p>Teniendo en cuenta la forma en que funciona Internet y los sitios web, no siempre contamos con informaci\u00f3n de las cookies que colocan terceras partes a trav\u00e9s de nuestro sitio web. Esto se aplica especialmente a casos en los que la p\u00e1gina web contiene lo que se llaman elementos integrados: textos, documentos, im\u00e1genes o breves pel\u00edculas que se almacenan en otra parte, pero se muestran en nuestro sitio web o mediante \u00e9ste . <\/p>\n\n<p>Por tanto, en caso de que se encuentre con este tipo de cookies en este sitio web y no est\u00e9n enumeradas en la lista anterior, le rogamos que nos lo comunique. O bien p\u00f3ngase en contacto directamente con el tercero para pedirle informaci\u00f3n sobre las cookies que coloca, la finalidad y la duraci\u00f3n de la cookie, y c\u00f3mo ha garantizado su privacidad. <\/p>\n\n<p>\n          <strong>INFORMACI\u00d3N RELACIONADA CON EL TRATAMIENTO DE DATOS PERSONALES (ART.13 RGPD) <\/strong>\n        <\/p>\n\n<p>\n          <strong>\u00bfQui\u00e9n es el responsable del tratamiento de sus datos personales?<\/strong>\n        <\/p>\n\n<p>Victoria Prada P\u00e9rez.es el responsable del tratamiento de los datos personales que usted nos proporciona, situado en la C\/ de C\u00f3rcega, 284, L&#8217;Eixample, 08008 Barcelona. Tel\u00e9fono 609 32 21 13 y mail de contacto vpradape@icab.cat.<\/p>\n\n<p>\n          <strong>\u00bfPor qu\u00e9 utilizamos sus datos personales?<\/strong>\n        <\/p>\n\n<p>La informaci\u00f3n recopilada a trav\u00e9s de las cookies propias (cookies de sesi\u00f3n y de entrada de usuario) se suelen utilizar para rastrear las acciones del usuario al rellenar los formularios online en varias p\u00e1ginas, o como cesta de la compra por realizar el seguimiento de los art\u00edculos que el usuario ha seleccionado al pulsar un bot\u00f3n, o para personalizar la interfaz del usuario al visitar la p\u00e1gina web.<\/p>\n\n<p>La informaci\u00f3n recopilada a trav\u00e9s de las cookies de terceros es la siguiente:<\/p>\n\n<ul class=\"wp-block-list\">\n<li>A trav\u00e9s de las cookies anal\u00edticas, se analizan sus h\u00e1bitos de navegaci\u00f3n para mejorar los servicios prestados;<\/li>\n\n\n\n<li>A trav\u00e9s de las cookies comportamentales se recoge informaci\u00f3n sobre las preferencias del usuario para gestionar los espacios publicitarios de la forma m\u00e1s eficaz posible; y<\/li>\n\n\n\n<li>a trav\u00e9s de las cookies publicitarias se mide el rendimiento de los anuncios y se proporcionan recomendaciones relativas a productos basados \u200b\u200ben datos estad\u00edsticos.<\/li>\n<\/ul>\n\n<p>Para ver exactamente el uso de las cookies vea el cuadro sobre el uso de las cookies en esta web.<\/p>\n\n<p>\n          <strong>\u00bfCu\u00e1l es la base legal para el tratamiento de sus datos personales?<\/strong>\n        <\/p>\n\n<p>La legitimaci\u00f3n para el tratamiento de sus datos personales viene dada por su consentimiento, otorgado en el momento de ponerse en contacto con nosotros, para la utilizaci\u00f3n de cookies anal\u00edticas, comportamentales y publicitarias; para las cookies de sesi\u00f3n o personalizaci\u00f3n, la legitimaci\u00f3n para el tratamiento viene dada por el inter\u00e9s leg\u00edtimo del prestamista (responsable del tratamiento).<\/p>\n\n<p>\n          <strong>\u00bfA qui\u00e9n comunicamos sus datos?<\/strong>\n        <\/p>\n\n<p>No se ceder\u00e1n ni comunicar\u00e1n datos a terceros, salvo por obligaci\u00f3n legal oa los terceros indicados en caso de uso de cookies gestionadas por \u00e9stos.<\/p>\n\n<p>\n          <strong>\u00bfCu\u00e1l es el plazo de conservaci\u00f3n de sus datos?<\/strong>\n        <\/p>\n\n<p>El plazo de conservaci\u00f3n de los datos recogidos es el indicado en el cuadro sobre el uso de las cookies en esta web.<\/p>\n\n<p>\n          <strong>\u00bfCu\u00e1les son sus derechos?<\/strong>\n        <\/p>\n\n<p>Los derechos que amparan al usuario son los de acceso, rectificaci\u00f3n, supresi\u00f3n, portabilidad de los mismos, retirada del consentimiento (sin que esto afecte a la licitud del tratamiento otorgado previamente a la retirada), oposici\u00f3n al tratamiento, limitaci\u00f3n (en determinadas circunstancias) y en presentar una reclamaci\u00f3n ante la autoridad de control (la Agencia Espa\u00f1ola de protecci\u00f3n de datos, www.aepd.es).<\/p>\n","protected":false},"excerpt":{"rendered":"<p>INTRODUCCI\u00d3N La web de Victoria Prada P\u00e9rez.utiliza cookies propias y de terceros. Una cookie es un archivo que se descarga en su ordenador al acceder a determinadas p\u00e1ginas web. Las cookies permiten a una p\u00e1gina web, entre otras finalidades, asegurar el correcto funcionamiento de la p\u00e1gina, permitir al Usuario un acceso m\u00e1s r\u00e1pido a los&#8230;<\/p>\n","protected":false},"author":1,"featured_media":0,"parent":0,"menu_order":0,"comment_status":"closed","ping_status":"closed","template":"","meta":{"footnotes":""},"class_list":["post-6794","page","type-page","status-publish","hentry"],"yoast_head":"<!-- This site is optimized with the Yoast SEO plugin v25.8 - https:\/\/yoast.com\/wordpress\/plugins\/seo\/ -->\n<title>Pol\u00edtica de cookies - Victoria Prada<\/title>\n<meta name=\"robots\" content=\"index, follow, max-snippet:-1, max-image-preview:large, max-video-preview:-1\" \/>\n<link rel=\"canonical\" href=\"https:\/\/victoriapradaperez.com\/politica-de-cookies\/\" \/>\n<meta property=\"og:locale\" content=\"es_ES\" \/>\n<meta property=\"og:type\" content=\"article\" \/>\n<meta property=\"og:title\" content=\"Pol\u00edtica de cookies - Victoria Prada\" \/>\n<meta property=\"og:description\" content=\"INTRODUCCI\u00d3N La web de Victoria Prada P\u00e9rez.utiliza cookies propias y de terceros. Una cookie es un archivo que se descarga en su ordenador al acceder a determinadas p\u00e1ginas web. Las cookies permiten a una p\u00e1gina web, entre otras finalidades, asegurar el correcto funcionamiento de la p\u00e1gina, permitir al Usuario un acceso m\u00e1s r\u00e1pido a los...\" \/>\n<meta property=\"og:url\" content=\"https:\/\/victoriapradaperez.com\/politica-de-cookies\/\" \/>\n<meta property=\"og:site_name\" content=\"Victoria Prada\" \/>\n<meta property=\"article:modified_time\" content=\"2024-08-30T14:51:50+00:00\" \/>\n<meta name=\"twitter:card\" content=\"summary_large_image\" \/>\n<meta name=\"twitter:label1\" content=\"Tiempo de lectura\" \/>\n\t<meta name=\"twitter:data1\" content=\"9 minutos\" \/>\n<script type=\"application\/ld+json\" class=\"yoast-schema-graph\">{\"@context\":\"https:\/\/schema.org\",\"@graph\":[{\"@type\":\"WebPage\",\"@id\":\"https:\/\/victoriapradaperez.com\/politica-de-cookies\/\",\"url\":\"https:\/\/victoriapradaperez.com\/politica-de-cookies\/\",\"name\":\"Pol\u00edtica de cookies - Victoria Prada\",\"isPartOf\":{\"@id\":\"https:\/\/victoriapradaperez.com\/#website\"},\"datePublished\":\"2024-08-30T09:26:09+00:00\",\"dateModified\":\"2024-08-30T14:51:50+00:00\",\"breadcrumb\":{\"@id\":\"https:\/\/victoriapradaperez.com\/politica-de-cookies\/#breadcrumb\"},\"inLanguage\":\"es\",\"potentialAction\":[{\"@type\":\"ReadAction\",\"target\":[\"https:\/\/victoriapradaperez.com\/politica-de-cookies\/\"]}]},{\"@type\":\"BreadcrumbList\",\"@id\":\"https:\/\/victoriapradaperez.com\/politica-de-cookies\/#breadcrumb\",\"itemListElement\":[{\"@type\":\"ListItem\",\"position\":1,\"name\":\"Inici\",\"item\":\"https:\/\/victoriapradaperez.com\/es\/\"},{\"@type\":\"ListItem\",\"position\":2,\"name\":\"Pol\u00edtica de cookies\"}]},{\"@type\":\"WebSite\",\"@id\":\"https:\/\/victoriapradaperez.com\/#website\",\"url\":\"https:\/\/victoriapradaperez.com\/\",\"name\":\"Victoria Prada\",\"description\":\"Advocada especialitzada en drets de la inf\u00e0ncia\",\"potentialAction\":[{\"@type\":\"SearchAction\",\"target\":{\"@type\":\"EntryPoint\",\"urlTemplate\":\"https:\/\/victoriapradaperez.com\/?s={search_term_string}\"},\"query-input\":{\"@type\":\"PropertyValueSpecification\",\"valueRequired\":true,\"valueName\":\"search_term_string\"}}],\"inLanguage\":\"es\"}]}<\/script>\n<!-- \/ Yoast SEO plugin. -->","yoast_head_json":{"title":"Pol\u00edtica de cookies - Victoria Prada","robots":{"index":"index","follow":"follow","max-snippet":"max-snippet:-1","max-image-preview":"max-image-preview:large","max-video-preview":"max-video-preview:-1"},"canonical":"https:\/\/victoriapradaperez.com\/politica-de-cookies\/","og_locale":"es_ES","og_type":"article","og_title":"Pol\u00edtica de cookies - Victoria Prada","og_description":"INTRODUCCI\u00d3N La web de Victoria Prada P\u00e9rez.utiliza cookies propias y de terceros. Una cookie es un archivo que se descarga en su ordenador al acceder a determinadas p\u00e1ginas web. Las cookies permiten a una p\u00e1gina web, entre otras finalidades, asegurar el correcto funcionamiento de la p\u00e1gina, permitir al Usuario un acceso m\u00e1s r\u00e1pido a los...","og_url":"https:\/\/victoriapradaperez.com\/politica-de-cookies\/","og_site_name":"Victoria Prada","article_modified_time":"2024-08-30T14:51:50+00:00","twitter_card":"summary_large_image","twitter_misc":{"Tiempo de lectura":"9 minutos"},"schema":{"@context":"https:\/\/schema.org","@graph":[{"@type":"WebPage","@id":"https:\/\/victoriapradaperez.com\/politica-de-cookies\/","url":"https:\/\/victoriapradaperez.com\/politica-de-cookies\/","name":"Pol\u00edtica de cookies - Victoria Prada","isPartOf":{"@id":"https:\/\/victoriapradaperez.com\/#website"},"datePublished":"2024-08-30T09:26:09+00:00","dateModified":"2024-08-30T14:51:50+00:00","breadcrumb":{"@id":"https:\/\/victoriapradaperez.com\/politica-de-cookies\/#breadcrumb"},"inLanguage":"es","potentialAction":[{"@type":"ReadAction","target":["https:\/\/victoriapradaperez.com\/politica-de-cookies\/"]}]},{"@type":"BreadcrumbList","@id":"https:\/\/victoriapradaperez.com\/politica-de-cookies\/#breadcrumb","itemListElement":[{"@type":"ListItem","position":1,"name":"Inici","item":"https:\/\/victoriapradaperez.com\/es\/"},{"@type":"ListItem","position":2,"name":"Pol\u00edtica de cookies"}]},{"@type":"WebSite","@id":"https:\/\/victoriapradaperez.com\/#website","url":"https:\/\/victoriapradaperez.com\/","name":"Victoria Prada","description":"Advocada especialitzada en drets de la inf\u00e0ncia","potentialAction":[{"@type":"SearchAction","target":{"@type":"EntryPoint","urlTemplate":"https:\/\/victoriapradaperez.com\/?s={search_term_string}"},"query-input":{"@type":"PropertyValueSpecification","valueRequired":true,"valueName":"search_term_string"}}],"inLanguage":"es"}]}},"_links":{"self":[{"href":"https:\/\/victoriapradaperez.com\/es\/wp-json\/wp\/v2\/pages\/6794","targetHints":{"allow":["GET"]}}],"collection":[{"href":"https:\/\/victoriapradaperez.com\/es\/wp-json\/wp\/v2\/pages"}],"about":[{"href":"https:\/\/victoriapradaperez.com\/es\/wp-json\/wp\/v2\/types\/page"}],"author":[{"embeddable":true,"href":"https:\/\/victoriapradaperez.com\/es\/wp-json\/wp\/v2\/users\/1"}],"replies":[{"embeddable":true,"href":"https:\/\/victoriapradaperez.com\/es\/wp-json\/wp\/v2\/comments?post=6794"}],"version-history":[{"count":1,"href":"https:\/\/victoriapradaperez.com\/es\/wp-json\/wp\/v2\/pages\/6794\/revisions"}],"predecessor-version":[{"id":6795,"href":"https:\/\/victoriapradaperez.com\/es\/wp-json\/wp\/v2\/pages\/6794\/revisions\/6795"}],"wp:attachment":[{"href":"https:\/\/victoriapradaperez.com\/es\/wp-json\/wp\/v2\/media?parent=6794"}],"curies":[{"name":"wp","href":"https:\/\/api.w.org\/{rel}","templated":true}]}}