{"id":6790,"date":"2024-08-30T09:32:06","date_gmt":"2024-08-30T09:32:06","guid":{"rendered":"https:\/\/victoriapradaperez.com\/politica-de-privacidad\/"},"modified":"2024-08-30T14:51:50","modified_gmt":"2024-08-30T14:51:50","slug":"politica-de-privacidad","status":"publish","type":"page","link":"https:\/\/victoriapradaperez.com\/es\/politica-de-privacidad\/","title":{"rendered":"Pol\u00edtica de privacidad"},"content":{"rendered":"\n<p>\n          <strong>INTRODUCCI\u00d3N<\/strong>\n        <\/p>\n\n<p>Su privacidad es importante para nosotros, as\u00ed que mediante este documento, le explicamos qu\u00e9 datos recogemos de los usuarios, c\u00f3mo los utilizamos y para qu\u00e9, entre otras indicaciones. Los mayores de 14 a\u00f1os pueden registrarse como usuarios sin el consentimiento previo de sus padres, tutores o representantes legales. En caso de menores de 14 a\u00f1os o identificados como \u201cincapaces legalmente\u201d, siempre necesitaremos del consentimiento paterno, o del tutor\/ao representante legal.  <\/p>\n\n<p>Para su informaci\u00f3n, nunca pediremos m\u00e1s informaci\u00f3n de la que realmente necesitaremos para los servicios requeridos; nunca la compartiremos con terceros, excepto por obligaci\u00f3n legal o previa autorizaci\u00f3n; y nunca utilizaremos sus datos para otra finalidad no indicada previamente.<\/p>\n\n<p>Como usuarios, deber\u00e1 leer atentamente esta Pol\u00edtica de privacidad de forma regular, y siempre que introduzca sus datos personales, ya que este documento puede sufrir modificaciones ya que el prestamista puede modificar cualquier tipo de informaci\u00f3n que pudiera aparecer en la web para cumplir con la normativa o actualizar la pol\u00edtica, y sin que exista la obligaci\u00f3n de preavisar o poner en conocimiento de los usuarios estas obligaciones, siendo suficiente la publicaci\u00f3n en el sitio web del prestador.<\/p>\n\n<p>\n          <strong>RESPONSABLE DEL TRATAMIENTO:<\/strong>\n        <\/p>\n\n<p><strong>Identidad:<\/strong> Victoria Prada P\u00e9rez (tambi\u00e9n el prestamista)<\/p>\n\n<p><strong>Direcci\u00f3n postal:<\/strong> C\/ de C\u00f3rcega, 284, L&#8217;Eixample, 08008 Barcelona<\/p>\n\n<p><strong>Correo electr\u00f3nico:<\/strong> vpradape@icab.cat<\/p>\n\n<p>Victoria Prada P\u00e9rez, como responsable del sitio web, de conformidad con lo dispuesto en el Reglamento (UE) 2016\/679 de 27 de abril de 2016 (RGPD) relativo a la protecci\u00f3n de las personas f\u00edsicas en lo que se refiere al tratamiento de datos personales ya la libre circulaci\u00f3n de estos datos y dem\u00e1s normativa vigente en materia de protecci\u00f3n de datos personales, y por la Ley 34\/2002, de 11 de julio, de Servicios de la Sociedad de la Informaci\u00f3n y del Comercio Electr\u00f3nico ( LSSICE), le informa que tiene implementadas las medidas de seguridad necesarias, de \u00edndole t\u00e9cnica y organizativas, para garantizar y proteger la confidencialidad, integridad y disponibilidad de los datos introducidos.<\/p>\n\n<p>\n          <strong>M\u00c9TODO DE OBTENCI\u00d3N DE LOS DATOS y DATOS QUE RECAUDAMOS:<\/strong>\n        <\/p>\n\n<p>Los datos que recogemos y c\u00f3mo los obtenemos es el siguiente:<\/p>\n\n<ol class=\"wp-block-list\">\n<li>mediante el formulario de contacto: nombre, email,<\/li>\n<\/ol>\n\n<p>No se tratan categor\u00edas de datos especialmente protegidas.<\/p>\n\n<p>\n          <strong>\n            <u>FINALIDAD DEL TRATAMIENTO:<\/u>\n          <\/strong>\n        <\/p>\n\n<p>Sus datos personales s\u00f3lo se utilizar\u00e1n para las siguientes finalidades, prestando su consentimiento para cada una de las finalidades en el apartado correspondiente de la web:<\/p>\n\n<ol class=\"wp-block-list\">\n<li>formulario de contacto: para responder a las consultas y\/o proporcionar informaciones requeridas para el Usuario;  <\/li>\n\n\n\n<li>Otras finalidades:\n<ul class=\"wp-block-list\">\n<li>Realizar las gestiones comerciales, administrativas, fiscales, contables que sean necesarias en virtud de la legislaci\u00f3n vigente;<\/li>\n\n\n\n<li>Conocer su opini\u00f3n y mejorar los servicios prestados por la web;<\/li>\n\n\n\n<li>Realizaci\u00f3n de an\u00e1lisis de usabilidad de la web, a trav\u00e9s de las cookies (mencionadas en la pol\u00edtica de cookies);<\/li>\n\n\n\n<li>Redes sociales: en el apartado correspondiente se especifica el uso de las redes sociales.<\/li>\n<\/ul>\n<\/li>\n<\/ol>\n\n<p>Puede revocar en cualquier momento su consentimiento remitiendo un escrito con el asunto \u201cBaja\u201d al mail rese\u00f1ado.<\/p>\n\n<p>De acuerdo con la LSSICE, Victoria Prada P\u00e9rez no realiza pr\u00e1cticas de SPAM, por tanto, no env\u00eda correos comerciales por correo electr\u00f3nico que no hayan sido previamente solicitados o autorizados por el Usuario. En consecuencia, en todas las comunicaciones que recibir\u00e1 del prestamista, el usuario tiene la posibilidad de cancelar su consentimiento expreso para recibir nuestras comunicaciones. <\/p>\n\n<p>No trataremos sus datos personales para ning\u00fan otro fin de los descritos salvo por obligaci\u00f3n legal o requerimiento judicial.<\/p>\n\n<p>No ser\u00e1 objeto de decisiones basadas en tratamientos automatizados que produzcan efectos sobre sus datos.<\/p>\n\n<p>\n          <strong>\n            <u>LEGITIMACI\u00d3N DEL TRATAMIENTO<\/u>\n          <\/strong>\n        <\/p>\n\n<p>La base legal para el tratamiento de los datos es su consentimiento otorgado en el momento de dar los datos al formulario correspondiente para realizar las finalidades, en el momento de marcaci\u00f3n de la casilla de verificaci\u00f3n.<\/p>\n\n<p>No facilitar los datos personales solicitados o no aceptar esta pol\u00edtica de privacidad supone la imposibilidad de conseguir las finalidades anteriormente descritas.<\/p>\n\n<p>En los casos en que exista una relaci\u00f3n contractual previa entre las partes, la legitimaci\u00f3n para el desarrollo de las obligaciones administrativas, fiscales, contables y laborales que sean necesarias en virtud de la legislaci\u00f3n vigente ser\u00e1 la existencia previa de la relaci\u00f3n comercial establecida entre las partes. .<\/p>\n\n<p>La oferta prospectiva o comercial de productos y servicios est\u00e1 basada en el consentimiento que se le solicita, sin que en ning\u00fan caso la retirada de este consentimiento condicione la ejecuci\u00f3n del contrato de suscripci\u00f3n.<\/p>\n\n<p>\n          <strong>\n            <u>PLAZO DE CONSERVACI\u00d3N DE LOS DATOS:<\/u>\n          <\/strong>\n        <\/p>\n\n<p>Sus datos se conservar\u00e1n mientras dure la relaci\u00f3n comercial con nosotros o ejerce su derecho de cancelaci\u00f3n u oposici\u00f3n, o limitaci\u00f3n al tratamiento. No obstante, conservaremos sus datos en los plazos legalmente previstos en las disposiciones aplicables. <\/p>\n\n<p>\n          <strong>\n            <u>DESTINATARIOS DE CESIONES O TRANSFERENCIAS:<\/u>\n          <\/strong>\n        <\/p>\n\n<p>Victoria Prada P\u00e9rez no realiza ninguna cesi\u00f3n o comunicaci\u00f3n de datos ni dentro ni fuera de la UE. El prestador \u00fanicamente facilitar\u00e1 informaci\u00f3n a las fuerzas y cuerpos de seguridad bajo orden judicial o por obligaci\u00f3n de una norma legal, sin perjuicio de poder bloquear o cancelar su cuenta si puede haber indicios de la comisi\u00f3n de alg\u00fan delito por parte del usuario. La informaci\u00f3n facilitada ser\u00e1 s\u00f3lo la que disponga en ese momento el prestamista.  <\/p>\n\n<p>La informaci\u00f3n que nos proporcione tanto a trav\u00e9s de este sitio web como a trav\u00e9s de la aplicaci\u00f3n ser\u00e1 alojada en los servidores de Victoria Prada P\u00e9rez.<\/p>\n\n<p>Asimismo, el prestamista utiliza determinadas herramientas para prestar servicios necesarios para el desarrollo de la actividad, pudiendo almacenar sus datos. Estas herramientas son las siguientes: <\/p>\n\n<p>Google Analytics: para realizar un an\u00e1lisis y m\u00e9trica del uso que los usuarios hacen de la web a trav\u00e9s de las cookies. La informaci\u00f3n que generan y recopilan estas cookies sobre el uso (incluyendo la direcci\u00f3n IP) ser\u00e1 directamente transmitida y archivada por Google Inc., ubicada en Delaware, 1600 Amphitheatre Parkway, montar\u00e9 View (California), CA 94043 de Estados Unidos ( \u201d Google \u201c ), en sus servidores de Estados Unidos. <\/p>\n\n<p>\n          <strong>\n            <u>DERECHOS DE LAS PERSONAS INTERESADAS:<\/u>\n          <\/strong>\n        <\/p>\n\n<p>Como usuario-interesado, puede solicitar el ejercicio de los siguientes derechos ante Victoria Prada P\u00e9rez presentando un escrito a la direcci\u00f3n postal del encabezamiento o enviando un correo electr\u00f3nico a vpradape@icab.cat, indicando como Asunto: &#8220;PROTECCI\u00d3N DE DATOS: DERECHOS DE LOS AFECTADOS&#8221;, y adjuntando fotocopia de su DNI o cualquier medio an\u00e1logo en derecho, tal y como indica la ley.<\/p>\n\n<p>Derechos:<\/p>\n\n<p>Derecho de acceso: permite al interesado conocer y obtener informaci\u00f3n sobre sus datos de car\u00e1cter personal sometidos a tratamiento.<\/p>\n\n<p>Derecho de rectificaci\u00f3n o supresi\u00f3n: permite corregir errores y modificar los datos que resulten ser inexactos o incompletos<\/p>\n\n<p>Derecho de cancelaci\u00f3n: permite que se supriman los datos que sean inadecuados o excesivos<\/p>\n\n<p>Derecho de oposici\u00f3n: derecho del interesado a que no se lleve a cabo el tratamiento de sus datos de car\u00e1cter personal o se cese al mismo.<\/p>\n\n<p>Limitaci\u00f3n del tratamiento: comporta el marcado de los datos personales conservados, con el fin de limitar su futuro tratamiento, para el ejercicio o la defensa de reclamaciones.<\/p>\n\n<p>Portabilidad de los datos: facilitaci\u00f3n de los datos objeto de tratamiento al interesado, para que \u00e9ste pueda transmitir a otro responsable, sin impedimentos.<\/p>\n\n<p>Derecho a no ser objeto de decisiones individuales automatizadas (incluida la elaboraci\u00f3n de perfiles): derecho a no ser objeto de una decisi\u00f3n basada en el tratamiento automatizado que produzca efectos o afecte significativamente<\/p>\n\n<p>Como usuario, tiene derecho a retirar el consentimiento dado en cualquier momento. La retirada del consentimiento no afecta a la licitud del tratamiento efectuado antes de la retirada del consentimiento. <\/p>\n\n<p>Tambi\u00e9n tiene derecho a presentar una reclamaci\u00f3n ante la autoridad de control si considera que sus derechos se han visto vulnerados en relaci\u00f3n a la protecci\u00f3n de sus datos (aepd.es).<\/p>\n\n<p>\n          <strong>\n            <u>INFORMACI\u00d3N ADICIONAL<\/u>\n          <\/strong>\n        <\/p>\n\n<p>\n          <strong>MEDIDAS DE SEGURIDAD:<\/strong>\n        <\/p>\n\n<p>Los datos que nos facilite se tratar\u00e1n de forma confidencial. El prestamista ha adoptado todas las medidas t\u00e9cnicas y organizativas y todos los niveles de protecci\u00f3n necesarios para garantizar la seguridad en el tratamiento de los datos y evitar su alteraci\u00f3n, p\u00e9rdida, robo, tratamiento o acceso no autorizado, de acuerdo con el estado de la tecnolog\u00eda y naturaleza de los datos almacenados. Asimismo, se garantiza tambi\u00e9n que el tratamiento y registro en ficheros, programas, sistemas o equipos, locales y centros cumplen los requisitos y condiciones de integridad y seguridad establecidas en la normativa vigente.  <\/p>\n\n<p>\n          <strong>IDIOMA<\/strong>\n        <\/p>\n\n<p>El idioma aplicable a esta pol\u00edtica de privacidad es el espa\u00f1ol. Por tanto, en caso de que hubiera alguna contradicci\u00f3n en alguna de las versiones facilitadas en otros idiomas, prevalecer\u00e1 la versi\u00f3n en catal\u00e1n. <\/p>\n\n<p>\n          <strong>REDES SOCIALES<\/strong>\n        <\/p>\n\n<p>Os informamos que Victoria Prada P\u00e9rez. puede tener presencia en redes sociales. El tratamiento de los datos que se lleve a cabo de las personas que se hagan seguidoras en las redes sociales (y\/o realicen cualquier v\u00ednculo o acci\u00f3n de conexi\u00f3n a trav\u00e9s de las redes sociales) de las p\u00e1ginas oficiales de Victoria Prada P\u00e9rez. se regir\u00e1 por este apartado, as\u00ed como para aquellas condiciones de uso, pol\u00edticas de privacidad y normativas de acceso que pertenezcan a la red social que proceda en cada caso y aceptadas previamente por el usuario.   <\/p>\n\n<p>Victoria Prada P\u00e9rez tratar\u00e1 los datos con los fines de administrar correctamente su presencia en la red social, informando de actividades, productos o servicios del prestamista, as\u00ed como para cualquier otra finalidad que las normativas de las Redes Sociales permitan.<\/p>\n\n<p>\n          <strong>Queda prohibida la publicaci\u00f3n de contenidos:<\/strong>\n        <\/p>\n\n<p>\u2013 Que sean presuntamente il\u00edcitos por la normativa nacional, comunitaria o internacional o que realicen actividades presuntamente il\u00edcitas o contravengan los principios de la buena fe.<\/p>\n\n<p>Que atenten contra los derechos fundamentales de las personas, falten a la cortes\u00eda en la red, molesten o puedan generar opiniones negativas en nuestros usuarios o terceros y en general cualesquiera sean los contenidos que Victoria Prada P\u00e9rez considere inadecuados.<\/p>\n\n<p>\u2013 Y en general que contravengan los principios de legalidad, honradez, responsabilidad, protecci\u00f3n de la dignidad humana, protecci\u00f3n de menores, protecci\u00f3n del orden p\u00fablico, la protecci\u00f3n de la vida privada, la protecci\u00f3n del consumidor y los derechos de propiedad intelectual inteligente e industrial.<\/p>\n\n<p>Asimismo, Victoria Prada P\u00e9rez se reserva la potestad de retirar, sin previo aviso del sitio web o de la red social corporativa aquellos contenidos que se consideren inadecuados.<\/p>\n\n<p>En cualquier caso, si remite informaci\u00f3n personal a trav\u00e9s de la red social, Victoria Prada P\u00e9rez quedar\u00e1 exento de responsabilidad en relaci\u00f3n con las medidas de seguridad aplicables a la presente plataforma y el usuario, en caso de querer conocerlas, debe consultar las correspondientes condiciones particulares de la red en cuesti\u00f3n.<\/p>\n\n<p>\n          <strong>CAMBIOS EN LA PRESENTE POL\u00cdTICA DE PRIVACIDAD<\/strong>\n        <\/p>\n\n<p>Victoria Prada P\u00e9rez se reserva el derecho a modificar esta pol\u00edtica para adaptarla a novedades legislativas o jurisprudenciales.<\/p>\n\n<p>\n          <strong>REVOCABILIDAD<\/strong>\n        <\/p>\n\n<p>El consentimiento prestado, tanto por el tratamiento como por la cesi\u00f3n de los datos de los interesados, es revocable en cualquier momento comunic\u00e1ndolo a Victoria Prada P\u00e9rez en los t\u00e9rminos establecidos en esta Pol\u00edtica para el ejercicio de los derechos. Esta revocaci\u00f3n en ning\u00fan caso tiene car\u00e1cter retroactivo. <\/p>\n\n<p>\n          <strong>LEGISLACI\u00d3N<\/strong>\n        <\/p>\n\n<p>Con car\u00e1cter general las relaciones entre Victoria Prada P\u00e9rez con los Usuarios de sus servicios telem\u00e1ticos, presentes en esta web, est\u00e1n sometidos a la legislaci\u00f3n y jurisdicci\u00f3n espa\u00f1ola a la que se someten expresamente las partes, siendo competentes para la resoluci\u00f3n de todos los conflictos derivados o relacionados con el uso de los Juzgados y Tribunales de Barcelona.<\/p>\n","protected":false},"excerpt":{"rendered":"<p>INTRODUCCI\u00d3N Su privacidad es importante para nosotros, as\u00ed que mediante este documento, le explicamos qu\u00e9 datos recogemos de los usuarios, c\u00f3mo los utilizamos y para qu\u00e9, entre otras indicaciones. Los mayores de 14 a\u00f1os pueden registrarse como usuarios sin el consentimiento previo de sus padres, tutores o representantes legales. En caso de menores de 14&#8230;<\/p>\n","protected":false},"author":1,"featured_media":0,"parent":0,"menu_order":0,"comment_status":"closed","ping_status":"closed","template":"","meta":{"footnotes":""},"class_list":["post-6790","page","type-page","status-publish","hentry"],"yoast_head":"<!-- This site is optimized with the Yoast SEO plugin v25.8 - https:\/\/yoast.com\/wordpress\/plugins\/seo\/ -->\n<title>Pol\u00edtica de privacidad - Victoria Prada<\/title>\n<meta name=\"robots\" content=\"index, follow, max-snippet:-1, max-image-preview:large, max-video-preview:-1\" \/>\n<link rel=\"canonical\" href=\"https:\/\/victoriapradaperez.com\/politica-de-privacitat\/\" \/>\n<meta property=\"og:locale\" content=\"es_ES\" \/>\n<meta property=\"og:type\" content=\"article\" \/>\n<meta property=\"og:title\" content=\"Pol\u00edtica de privacidad - Victoria Prada\" \/>\n<meta property=\"og:description\" content=\"INTRODUCCI\u00d3N Su privacidad es importante para nosotros, as\u00ed que mediante este documento, le explicamos qu\u00e9 datos recogemos de los usuarios, c\u00f3mo los utilizamos y para qu\u00e9, entre otras indicaciones. Los mayores de 14 a\u00f1os pueden registrarse como usuarios sin el consentimiento previo de sus padres, tutores o representantes legales. En caso de menores de 14...\" \/>\n<meta property=\"og:url\" content=\"https:\/\/victoriapradaperez.com\/politica-de-privacitat\/\" \/>\n<meta property=\"og:site_name\" content=\"Victoria Prada\" \/>\n<meta property=\"article:modified_time\" content=\"2024-08-30T14:51:50+00:00\" \/>\n<meta name=\"twitter:card\" content=\"summary_large_image\" \/>\n<meta name=\"twitter:label1\" content=\"Tiempo de lectura\" \/>\n\t<meta name=\"twitter:data1\" content=\"10 minutos\" \/>\n<script type=\"application\/ld+json\" class=\"yoast-schema-graph\">{\"@context\":\"https:\/\/schema.org\",\"@graph\":[{\"@type\":\"WebPage\",\"@id\":\"https:\/\/victoriapradaperez.com\/politica-de-privacitat\/\",\"url\":\"https:\/\/victoriapradaperez.com\/politica-de-privacitat\/\",\"name\":\"Pol\u00edtica de privacidad - Victoria Prada\",\"isPartOf\":{\"@id\":\"https:\/\/victoriapradaperez.com\/#website\"},\"datePublished\":\"2024-08-30T09:32:06+00:00\",\"dateModified\":\"2024-08-30T14:51:50+00:00\",\"breadcrumb\":{\"@id\":\"https:\/\/victoriapradaperez.com\/politica-de-privacitat\/#breadcrumb\"},\"inLanguage\":\"es\",\"potentialAction\":[{\"@type\":\"ReadAction\",\"target\":[\"https:\/\/victoriapradaperez.com\/politica-de-privacitat\/\"]}]},{\"@type\":\"BreadcrumbList\",\"@id\":\"https:\/\/victoriapradaperez.com\/politica-de-privacitat\/#breadcrumb\",\"itemListElement\":[{\"@type\":\"ListItem\",\"position\":1,\"name\":\"Inici\",\"item\":\"https:\/\/victoriapradaperez.com\/es\/\"},{\"@type\":\"ListItem\",\"position\":2,\"name\":\"Pol\u00edtica de privacidad\"}]},{\"@type\":\"WebSite\",\"@id\":\"https:\/\/victoriapradaperez.com\/#website\",\"url\":\"https:\/\/victoriapradaperez.com\/\",\"name\":\"Victoria Prada\",\"description\":\"Advocada especialitzada en drets de la inf\u00e0ncia\",\"potentialAction\":[{\"@type\":\"SearchAction\",\"target\":{\"@type\":\"EntryPoint\",\"urlTemplate\":\"https:\/\/victoriapradaperez.com\/?s={search_term_string}\"},\"query-input\":{\"@type\":\"PropertyValueSpecification\",\"valueRequired\":true,\"valueName\":\"search_term_string\"}}],\"inLanguage\":\"es\"}]}<\/script>\n<!-- \/ Yoast SEO plugin. -->","yoast_head_json":{"title":"Pol\u00edtica de privacidad - Victoria Prada","robots":{"index":"index","follow":"follow","max-snippet":"max-snippet:-1","max-image-preview":"max-image-preview:large","max-video-preview":"max-video-preview:-1"},"canonical":"https:\/\/victoriapradaperez.com\/politica-de-privacitat\/","og_locale":"es_ES","og_type":"article","og_title":"Pol\u00edtica de privacidad - Victoria Prada","og_description":"INTRODUCCI\u00d3N Su privacidad es importante para nosotros, as\u00ed que mediante este documento, le explicamos qu\u00e9 datos recogemos de los usuarios, c\u00f3mo los utilizamos y para qu\u00e9, entre otras indicaciones. Los mayores de 14 a\u00f1os pueden registrarse como usuarios sin el consentimiento previo de sus padres, tutores o representantes legales. En caso de menores de 14...","og_url":"https:\/\/victoriapradaperez.com\/politica-de-privacitat\/","og_site_name":"Victoria Prada","article_modified_time":"2024-08-30T14:51:50+00:00","twitter_card":"summary_large_image","twitter_misc":{"Tiempo de lectura":"10 minutos"},"schema":{"@context":"https:\/\/schema.org","@graph":[{"@type":"WebPage","@id":"https:\/\/victoriapradaperez.com\/politica-de-privacitat\/","url":"https:\/\/victoriapradaperez.com\/politica-de-privacitat\/","name":"Pol\u00edtica de privacidad - Victoria Prada","isPartOf":{"@id":"https:\/\/victoriapradaperez.com\/#website"},"datePublished":"2024-08-30T09:32:06+00:00","dateModified":"2024-08-30T14:51:50+00:00","breadcrumb":{"@id":"https:\/\/victoriapradaperez.com\/politica-de-privacitat\/#breadcrumb"},"inLanguage":"es","potentialAction":[{"@type":"ReadAction","target":["https:\/\/victoriapradaperez.com\/politica-de-privacitat\/"]}]},{"@type":"BreadcrumbList","@id":"https:\/\/victoriapradaperez.com\/politica-de-privacitat\/#breadcrumb","itemListElement":[{"@type":"ListItem","position":1,"name":"Inici","item":"https:\/\/victoriapradaperez.com\/es\/"},{"@type":"ListItem","position":2,"name":"Pol\u00edtica de privacidad"}]},{"@type":"WebSite","@id":"https:\/\/victoriapradaperez.com\/#website","url":"https:\/\/victoriapradaperez.com\/","name":"Victoria Prada","description":"Advocada especialitzada en drets de la inf\u00e0ncia","potentialAction":[{"@type":"SearchAction","target":{"@type":"EntryPoint","urlTemplate":"https:\/\/victoriapradaperez.com\/?s={search_term_string}"},"query-input":{"@type":"PropertyValueSpecification","valueRequired":true,"valueName":"search_term_string"}}],"inLanguage":"es"}]}},"_links":{"self":[{"href":"https:\/\/victoriapradaperez.com\/es\/wp-json\/wp\/v2\/pages\/6790","targetHints":{"allow":["GET"]}}],"collection":[{"href":"https:\/\/victoriapradaperez.com\/es\/wp-json\/wp\/v2\/pages"}],"about":[{"href":"https:\/\/victoriapradaperez.com\/es\/wp-json\/wp\/v2\/types\/page"}],"author":[{"embeddable":true,"href":"https:\/\/victoriapradaperez.com\/es\/wp-json\/wp\/v2\/users\/1"}],"replies":[{"embeddable":true,"href":"https:\/\/victoriapradaperez.com\/es\/wp-json\/wp\/v2\/comments?post=6790"}],"version-history":[{"count":1,"href":"https:\/\/victoriapradaperez.com\/es\/wp-json\/wp\/v2\/pages\/6790\/revisions"}],"predecessor-version":[{"id":6791,"href":"https:\/\/victoriapradaperez.com\/es\/wp-json\/wp\/v2\/pages\/6790\/revisions\/6791"}],"wp:attachment":[{"href":"https:\/\/victoriapradaperez.com\/es\/wp-json\/wp\/v2\/media?parent=6790"}],"curies":[{"name":"wp","href":"https:\/\/api.w.org\/{rel}","templated":true}]}}