{"id":6751,"date":"2019-05-06T06:38:13","date_gmt":"2019-05-06T06:38:13","guid":{"rendered":"https:\/\/victoriapradaperez.com\/acerca-de-mi\/"},"modified":"2024-09-04T13:57:35","modified_gmt":"2024-09-04T13:57:35","slug":"acerca-de-mi","status":"publish","type":"page","link":"https:\/\/victoriapradaperez.com\/es\/acerca-de-mi\/","title":{"rendered":"Acerca de m\u00ed"},"content":{"rendered":"\t\t<div data-elementor-type=\"wp-page\" data-elementor-id=\"6751\" class=\"elementor elementor-6751 elementor-14\">\n\t\t\t\t\t\t<section class=\"elementor-section elementor-top-section elementor-element elementor-element-3c3a643 elementor-section-stretched elementor-section-content-middle elementor-section-boxed elementor-section-height-default elementor-section-height-default\" data-id=\"3c3a643\" data-element_type=\"section\" data-settings=\"{&quot;stretch_section&quot;:&quot;section-stretched&quot;}\">\n\t\t\t\t\t\t<div class=\"elementor-container elementor-column-gap-default\">\n\t\t\t\t\t<div class=\"elementor-column elementor-col-33 elementor-top-column elementor-element elementor-element-b5b632a\" data-id=\"b5b632a\" data-element_type=\"column\">\n\t\t\t<div class=\"elementor-widget-wrap elementor-element-populated\">\n\t\t\t\t\t\t<div class=\"elementor-element elementor-element-6f059c8 elementor-widget elementor-widget-image\" data-id=\"6f059c8\" data-element_type=\"widget\" data-widget_type=\"image.default\">\n\t\t\t\t<div class=\"elementor-widget-container\">\n\t\t\t\t\t\t\t\t\t\t\t\t\t<img fetchpriority=\"high\" decoding=\"async\" width=\"1080\" height=\"1400\" src=\"https:\/\/victoriapradaperez.com\/wp-content\/uploads\/2024\/08\/Victoria-aboutus.png\" class=\"attachment-full size-full wp-image-6737\" alt=\"\" srcset=\"https:\/\/victoriapradaperez.com\/wp-content\/uploads\/2024\/08\/Victoria-aboutus.png 1080w, https:\/\/victoriapradaperez.com\/wp-content\/uploads\/2024\/08\/Victoria-aboutus-231x300.png 231w, https:\/\/victoriapradaperez.com\/wp-content\/uploads\/2024\/08\/Victoria-aboutus-790x1024.png 790w, https:\/\/victoriapradaperez.com\/wp-content\/uploads\/2024\/08\/Victoria-aboutus-768x996.png 768w\" sizes=\"(max-width: 1080px) 100vw, 1080px\" \/>\t\t\t\t\t\t\t\t\t\t\t\t\t<\/div>\n\t\t\t\t<\/div>\n\t\t\t\t\t<\/div>\n\t\t<\/div>\n\t\t\t\t<div class=\"elementor-column elementor-col-66 elementor-top-column elementor-element elementor-element-8029aaa\" data-id=\"8029aaa\" data-element_type=\"column\">\n\t\t\t<div class=\"elementor-widget-wrap elementor-element-populated\">\n\t\t\t\t\t\t<div class=\"elementor-element elementor-element-c82d73a elementor-widget__width-initial elementor-widget elementor-widget-prelements-heading\" data-id=\"c82d73a\" data-element_type=\"widget\" data-widget_type=\"prelements-heading.default\">\n\t\t\t\t<div class=\"elementor-widget-container\">\n\t\t\t\r\n        <div class=\"prelements-heading default animate- \">\r\n        \t<div class=\"title-inner\">        \t\t      \t\t\r\n\t            <span class=\"sub-text \">Victoria Prada P\u00e9rez<\/span>\t\t\t\t\r\n\t\t\t\t\t        <\/div>\r\n\t                    \t<div class=\"description\">\r\n            \t\t<p><span style=\"font-weight: 400\">Me llamo Victoria. Desde 2024 estoy trabajando como abogada independiente.<\/span><\/p><p><span style=\"font-weight: 400\">Me licenci\u00e9 en Derecho por la Universidad de Barcelona en 2008, habiendo cursado un a\u00f1o en la Universidad K.U Leuven, en B\u00e9lgica. Durante la carrera trabaj\u00e9 en diversos \u00e1mbitos no relacionados con el derecho, as\u00ed como en la oficina de relaciones internacionales de la facultad de Derecho. Hice mis pr\u00e1cticas en la ONG SOS Racismo y en el Servicio de Orientaci\u00f3n Jur\u00eddica (SOJ), de Barcelona. Fui becada para realizar una investigaci\u00f3n en 2008 en materia de Derechos Humanos en Chile (Universidad de Concepci\u00f3n), donde analic\u00e9 la impunidad despu\u00e9s de las dictaduras tanto en ese pa\u00eds como en Espa\u00f1a y publiqu\u00e9 dicho art\u00edculo en una compilaci\u00f3n de Derechos Humanos de tirada internacional. Volv\u00ed a Barcelona, donde estuve trabajando un par de a\u00f1os en el sector privado y realic\u00e9 el Posgrado de Pr\u00e1ctica Jur\u00eddica en el Ilustre Colegio de la Abogac\u00eda de Barcelona, obteniendo el Diploma de Aptitud Profesional, que me habilit\u00f3 para poder ejercer en los turnos de oficio de penal y de civil.<\/span><\/p>            \t\t\r\n            \t<\/div>\r\n        \t        <\/div>\r\n        \t\t<\/div>\n\t\t\t\t<\/div>\n\t\t\t\t\t<\/div>\n\t\t<\/div>\n\t\t\t\t\t<\/div>\n\t\t<\/section>\n\t\t<div class=\"elementor-element elementor-element-6109156 e-flex e-con-boxed e-con e-parent\" data-id=\"6109156\" data-element_type=\"container\">\n\t\t\t\t\t<div class=\"e-con-inner\">\n\t\t\t\t<div class=\"elementor-element elementor-element-b0b944e elementor-widget elementor-widget-text-editor\" data-id=\"b0b944e\" data-element_type=\"widget\" data-widget_type=\"text-editor.default\">\n\t\t\t\t<div class=\"elementor-widget-container\">\n\t\t\t\t\t\t\t<p><span style=\"font-weight: 400;\">En 2010 me fui a estudiar a un M\u00e1ster (LLM) en Derecho Internacional de los Derechos Humanos en la Universidad de Lund (Suecia). Sobreviv\u00ed trabajando en diversos sectores no vinculados al mundo del Derecho. Finalizados esos estudios, volv\u00ed a Barcelona en 2013. Por un lado, abr\u00ed un despacho de litigaci\u00f3n Iinternacional, dedicado al asesoramiento y acceso a los diversos Comit\u00e9s de Naciones Unidas y al Tribunal Europeo de Derechos Humanos. A d\u00eda, de hoy, soy la letrada espa\u00f1ola con m\u00e1s casos ganados a nivel internacional. Fui la primera letrada en ganar un caso contra Espa\u00f1a en el Comit\u00e9 sobre los Derechos de las Personas con Discapacidad, en Naciones Unidas, donde he ganado varios m\u00e1s (m\u00e1s informaci\u00f3n y detalles de los casos en www.demandasinternacionales.com ). Lo compagin\u00e9, durante un tiempo, ejerciendo como abogada en el turno de oficio de penal, en la ciudad de Barcelona. Paralelamente ese a\u00f1o 2013 fui contratada en el S\u00edndic de Greuges de Catalunya donde, en 2023, consegu\u00ed ganar mi plaza, siendo actualmente una funcionaria de carrera en r\u00e9gimen de excedencia.<\/span><\/p>\n<p><span style=\"font-weight: 400;\">Durante mis primeros a\u00f1os en el S\u00edndic de Greuges de Catalunya, estuve haciendo asesoramiento jur\u00eddico a la ciudadan\u00eda. A partir de 2017 empec\u00e9 a trabajar en temas de infancia, muy especialmente, con casos de desamparos y el sistema de protecci\u00f3n catal\u00e1n (DGAIA), as\u00ed como separaciones conflictivas, violencias sexuales en las infancias y acosos escolares. Tambi\u00e9n estuve trabajando en asuntos relacionados con discriminaciones. Especialmente sobre violencias machistas y derechos del colectivo LGBTIQ+. Durante seis meses, en 2021, en el marco de una comisi\u00f3n de servicios, estuve trabajando como t\u00e9cnica de igualdad en el Parlament de Catalunya, a fin de facilitar la implementaci\u00f3n del plan de igualdad de dicha instituci\u00f3n.<\/span><\/p>\n<p><span style=\"font-weight: 400;\">Nunca he dejado de formarme, ya que me apasiona el derecho. De mi formaci\u00f3n, no siendo posible especificarla toda, destaco en los \u00faltimos a\u00f1os un Posgrado en pol\u00edticas de igualdad de g\u00e9nero en la gesti\u00f3n p\u00fablica (Institut interuniversitari d&#8217;Estudis de dones i g\u00e8nere, ICA, EAP), cursos habilitadores para el turno de oficio de violencias machistas, menores no acompa\u00f1ados, extranjer\u00eda, penal de menores y una formaci\u00f3n espec\u00edfica sobre Barnahus (\u201ccasa de las infancias\u201d en island\u00e9s) para casos de abusos sexuales a menores de edad.<\/span><\/p>\n<p><span style=\"font-weight: 400;\">Asisto con regularidad a los congresos de violencia de g\u00e9nero y de infancias maltratadas que se van organizando y tengo una extensa formaci\u00f3n en igualdad y feminismo. Escribo art\u00edculos jur\u00eddicos, hago formaciones a demanda y colaboro activamente en la Comisi\u00f3n de Mujeres Abogadas del Ilustre Colegio de la Abogac\u00eda de Barcelona.<\/span><\/p>\n<p><\/p>\t\t\t\t\t\t<\/div>\n\t\t\t\t<\/div>\n\t\t\t\t\t<\/div>\n\t\t\t\t<\/div>\n\t\t\t\t<section class=\"elementor-section elementor-top-section elementor-element elementor-element-17af011b elementor-section-stretched elementor-section-boxed elementor-section-height-default elementor-section-height-default\" data-id=\"17af011b\" data-element_type=\"section\" data-settings=\"{&quot;stretch_section&quot;:&quot;section-stretched&quot;}\">\n\t\t\t\t\t\t<div class=\"elementor-container elementor-column-gap-default\">\n\t\t\t\t\t<div class=\"elementor-column elementor-col-33 elementor-top-column elementor-element elementor-element-3a8cf883\" data-id=\"3a8cf883\" data-element_type=\"column\">\n\t\t\t<div class=\"elementor-widget-wrap elementor-element-populated\">\n\t\t\t\t\t\t<div class=\"elementor-element elementor-element-118a582 elementor-widget elementor-widget-prelements-service-grid\" data-id=\"118a582\" data-element_type=\"widget\" data-widget_type=\"prelements-service-grid.default\">\n\t\t\t\t<div class=\"elementor-widget-container\">\n\t\t\t\t\t\r\n\t\t<div class=\"prelements-addon-services services-style4\">\r\n\t\t    <div class=\"services-part\">\r\n\t\t    \t\t\t    \t\t<div class=\"services-icon  \">\r\n\r\n\t\t\t    \t\t\r\n\r\n\t\t\t    \t\t\r\n\t\t\t    \t\t\t\t\t    \t\t\t<img decoding=\"async\" src=\"https:\/\/rstheme.com\/products\/wordpress\/advokat-elementor\/wp-content\/uploads\/2019\/06\/target.png\" class=\"img-available\" alt=\"image\"\/>\r\n\t\t\t    \t\t\t\t\t    \t\t\r\n\r\n\t\t\t    \t\t\r\n\t\t\t    \t\t\t\t    \t\t<\/div>\r\n\t\t    \t\t\t    \t\t       \r\n\t\t\t    <div class=\"services-text\">\r\n\t\t\t    \t\t\t\t\t    \t<div class=\"services-title\">\r\n\t\t\t\t    \t\t\r\n\t\t\t\t    \t\t\t\t\t    \t\t\t\t\t\t\t    \t\t\t\r\n\t\t\t\t    \t\t<h4  class=\"title\"> <a href=\"#\" >Profesionalidad<\/a><\/h4>\r\n\r\n\t\t\t\t    \t\t\t\t\t\t    \t\t\r\n\t\t\t\t    \t<\/div>\r\n\t\t\t    \t\t\t\t    \t\r\n\t\t\t    \t\t\t\t    \t\t<p class=\"services-txt\">  Con a\u00f1os de experiencia, tratando los casos con m\u00e1xima confidencialidad.<\/p>\t\r\n\t\t\t    \t\t\r\n\r\n\r\n\t\t\t\t    \r\n\t\t\t    \t\t\t    \t    \t\t    \t    \t\r\n\t\t\t    <\/div>\r\n\r\n\t\t\t    \r\n\t\t\t<\/div>\r\n\t\t<\/div>\t\r\n\t\t\r\n\t\t\t<\/div>\n\t\t\t\t<\/div>\n\t\t\t\t\t<\/div>\n\t\t<\/div>\n\t\t\t\t<div class=\"elementor-column elementor-col-33 elementor-top-column elementor-element elementor-element-60827e98\" data-id=\"60827e98\" data-element_type=\"column\">\n\t\t\t<div class=\"elementor-widget-wrap elementor-element-populated\">\n\t\t\t\t\t\t<div class=\"elementor-element elementor-element-4201c510 elementor-widget elementor-widget-prelements-service-grid\" data-id=\"4201c510\" data-element_type=\"widget\" data-widget_type=\"prelements-service-grid.default\">\n\t\t\t\t<div class=\"elementor-widget-container\">\n\t\t\t\t\t\r\n\t\t<div class=\"prelements-addon-services services-style4\">\r\n\t\t    <div class=\"services-part\">\r\n\t\t    \t\t\t    \t\t<div class=\"services-icon  \">\r\n\r\n\t\t\t    \t\t\r\n\r\n\t\t\t    \t\t\r\n\t\t\t    \t\t\t\t\t    \t\t\t<img decoding=\"async\" src=\"https:\/\/rstheme.com\/products\/wordpress\/advokat-elementor\/wp-content\/uploads\/2019\/06\/stopwatch.png\" class=\"img-available\" alt=\"image\"\/>\r\n\t\t\t    \t\t\t\t\t    \t\t\r\n\r\n\t\t\t    \t\t\r\n\t\t\t    \t\t\t\t    \t\t<\/div>\r\n\t\t    \t\t\t    \t\t       \r\n\t\t\t    <div class=\"services-text\">\r\n\t\t\t    \t\t\t\t\t    \t<div class=\"services-title\">\r\n\t\t\t\t    \t\t\r\n\t\t\t\t    \t\t\t\t\t    \t\t\t\t\t\t\t    \t\t\t\r\n\t\t\t\t    \t\t<h4  class=\"title\"> <a href=\"#\" >Experiencia<\/a><\/h4>\r\n\r\n\t\t\t\t    \t\t\t\t\t\t    \t\t\r\n\t\t\t\t    \t<\/div>\r\n\t\t\t    \t\t\t\t    \t\r\n\t\t\t    \t\t\t\t    \t\t<p class=\"services-txt\">  A\u00f1os de experiencia en m\u00faltiples \u00e1reas del sector.\n<\/p>\t\r\n\t\t\t    \t\t\r\n\r\n\r\n\t\t\t\t    \r\n\t\t\t    \t\t\t    \t    \t\t    \t    \t\r\n\t\t\t    <\/div>\r\n\r\n\t\t\t    \r\n\t\t\t<\/div>\r\n\t\t<\/div>\t\r\n\t\t\r\n\t\t\t<\/div>\n\t\t\t\t<\/div>\n\t\t\t\t\t<\/div>\n\t\t<\/div>\n\t\t\t\t<div class=\"elementor-column elementor-col-33 elementor-top-column elementor-element elementor-element-49981199\" data-id=\"49981199\" data-element_type=\"column\">\n\t\t\t<div class=\"elementor-widget-wrap elementor-element-populated\">\n\t\t\t\t\t\t<div class=\"elementor-element elementor-element-12a39a8a elementor-widget elementor-widget-prelements-service-grid\" data-id=\"12a39a8a\" data-element_type=\"widget\" data-widget_type=\"prelements-service-grid.default\">\n\t\t\t\t<div class=\"elementor-widget-container\">\n\t\t\t\t\t\r\n\t\t<div class=\"prelements-addon-services services-style4\">\r\n\t\t    <div class=\"services-part\">\r\n\t\t    \t\t\t    \t\t<div class=\"services-icon  \">\r\n\r\n\t\t\t    \t\t\r\n\r\n\t\t\t    \t\t\r\n\t\t\t    \t\t\t\t\t    \t\t\t<img decoding=\"async\" src=\"https:\/\/rstheme.com\/products\/wordpress\/advokat-elementor\/wp-content\/uploads\/2019\/06\/recommeded.png\" class=\"img-available\" alt=\"image\"\/>\r\n\t\t\t    \t\t\t\t\t    \t\t\r\n\r\n\t\t\t    \t\t\r\n\t\t\t    \t\t\t\t    \t\t<\/div>\r\n\t\t    \t\t\t    \t\t       \r\n\t\t\t    <div class=\"services-text\">\r\n\t\t\t    \t\t\t\t\t    \t<div class=\"services-title\">\r\n\t\t\t\t    \t\t\r\n\t\t\t\t    \t\t\t\t\t    \t\t\t\t\t\t\t    \t\t\t\r\n\t\t\t\t    \t\t<h4  class=\"title\"> <a href=\"#\" >Compromiso<\/a><\/h4>\r\n\r\n\t\t\t\t    \t\t\t\t\t\t    \t\t\r\n\t\t\t\t    \t<\/div>\r\n\t\t\t    \t\t\t\t    \t\r\n\t\t\t    \t\t\t\t    \t\t<p class=\"services-txt\">  Trato cercano y personalizado en cada caso.\n<\/p>\t\r\n\t\t\t    \t\t\r\n\r\n\r\n\t\t\t\t    \r\n\t\t\t    \t\t\t    \t    \t\t    \t    \t\r\n\t\t\t    <\/div>\r\n\r\n\t\t\t    \r\n\t\t\t<\/div>\r\n\t\t<\/div>\t\r\n\t\t\r\n\t\t\t<\/div>\n\t\t\t\t<\/div>\n\t\t\t\t\t<\/div>\n\t\t<\/div>\n\t\t\t\t\t<\/div>\n\t\t<\/section>\n\t\t\t\t<\/div>\n\t\t","protected":false},"excerpt":{"rendered":"<p>Victoria Prada P\u00e9rez Me llamo Victoria. Desde 2024 estoy trabajando como abogada independiente. Me licenci\u00e9 en Derecho por la Universidad de Barcelona en 2008, habiendo cursado un a\u00f1o en la Universidad K.U Leuven, en B\u00e9lgica. Durante la carrera trabaj\u00e9 en diversos \u00e1mbitos no relacionados con el derecho, as\u00ed como en la oficina de relaciones internacionales&#8230;<\/p>\n","protected":false},"author":1,"featured_media":0,"parent":0,"menu_order":0,"comment_status":"closed","ping_status":"closed","template":"","meta":{"footnotes":""},"class_list":["post-6751","page","type-page","status-publish","hentry"],"yoast_head":"<!-- This site is optimized with the Yoast SEO plugin v25.8 - https:\/\/yoast.com\/wordpress\/plugins\/seo\/ -->\n<title>Acerca de m\u00ed - Victoria Prada<\/title>\n<meta name=\"robots\" content=\"index, follow, max-snippet:-1, max-image-preview:large, max-video-preview:-1\" \/>\n<link rel=\"canonical\" href=\"https:\/\/victoriapradaperez.com\/sobre-mi\/\" \/>\n<meta property=\"og:locale\" content=\"es_ES\" \/>\n<meta property=\"og:type\" content=\"article\" \/>\n<meta property=\"og:title\" content=\"Acerca de m\u00ed - Victoria Prada\" \/>\n<meta property=\"og:description\" content=\"Victoria Prada P\u00e9rez Me llamo Victoria. Desde 2024 estoy trabajando como abogada independiente. Me licenci\u00e9 en Derecho por la Universidad de Barcelona en 2008, habiendo cursado un a\u00f1o en la Universidad K.U Leuven, en B\u00e9lgica. Durante la carrera trabaj\u00e9 en diversos \u00e1mbitos no relacionados con el derecho, as\u00ed como en la oficina de relaciones internacionales...\" \/>\n<meta property=\"og:url\" content=\"https:\/\/victoriapradaperez.com\/sobre-mi\/\" \/>\n<meta property=\"og:site_name\" content=\"Victoria Prada\" \/>\n<meta property=\"article:modified_time\" content=\"2024-09-04T13:57:35+00:00\" \/>\n<meta property=\"og:image\" content=\"http:\/\/victoriapradaperez.com\/wp-content\/uploads\/2024\/08\/Victoria-aboutus.png\" \/>\n<meta name=\"twitter:card\" content=\"summary_large_image\" \/>\n<meta name=\"twitter:label1\" content=\"Tiempo de lectura\" \/>\n\t<meta name=\"twitter:data1\" content=\"4 minutos\" \/>\n<script type=\"application\/ld+json\" class=\"yoast-schema-graph\">{\"@context\":\"https:\/\/schema.org\",\"@graph\":[{\"@type\":\"WebPage\",\"@id\":\"https:\/\/victoriapradaperez.com\/sobre-mi\/\",\"url\":\"https:\/\/victoriapradaperez.com\/sobre-mi\/\",\"name\":\"Acerca de m\u00ed - Victoria Prada\",\"isPartOf\":{\"@id\":\"https:\/\/victoriapradaperez.com\/#website\"},\"primaryImageOfPage\":{\"@id\":\"https:\/\/victoriapradaperez.com\/sobre-mi\/#primaryimage\"},\"image\":{\"@id\":\"https:\/\/victoriapradaperez.com\/sobre-mi\/#primaryimage\"},\"thumbnailUrl\":\"http:\/\/victoriapradaperez.com\/wp-content\/uploads\/2024\/08\/Victoria-aboutus.png\",\"datePublished\":\"2019-05-06T06:38:13+00:00\",\"dateModified\":\"2024-09-04T13:57:35+00:00\",\"breadcrumb\":{\"@id\":\"https:\/\/victoriapradaperez.com\/sobre-mi\/#breadcrumb\"},\"inLanguage\":\"es\",\"potentialAction\":[{\"@type\":\"ReadAction\",\"target\":[\"https:\/\/victoriapradaperez.com\/sobre-mi\/\"]}]},{\"@type\":\"ImageObject\",\"inLanguage\":\"es\",\"@id\":\"https:\/\/victoriapradaperez.com\/sobre-mi\/#primaryimage\",\"url\":\"http:\/\/victoriapradaperez.com\/wp-content\/uploads\/2024\/08\/Victoria-aboutus.png\",\"contentUrl\":\"http:\/\/victoriapradaperez.com\/wp-content\/uploads\/2024\/08\/Victoria-aboutus.png\"},{\"@type\":\"BreadcrumbList\",\"@id\":\"https:\/\/victoriapradaperez.com\/sobre-mi\/#breadcrumb\",\"itemListElement\":[{\"@type\":\"ListItem\",\"position\":1,\"name\":\"Inici\",\"item\":\"https:\/\/victoriapradaperez.com\/es\/\"},{\"@type\":\"ListItem\",\"position\":2,\"name\":\"Acerca de m\u00ed\"}]},{\"@type\":\"WebSite\",\"@id\":\"https:\/\/victoriapradaperez.com\/#website\",\"url\":\"https:\/\/victoriapradaperez.com\/\",\"name\":\"Victoria Prada\",\"description\":\"Advocada especialitzada en drets de la inf\u00e0ncia\",\"potentialAction\":[{\"@type\":\"SearchAction\",\"target\":{\"@type\":\"EntryPoint\",\"urlTemplate\":\"https:\/\/victoriapradaperez.com\/?s={search_term_string}\"},\"query-input\":{\"@type\":\"PropertyValueSpecification\",\"valueRequired\":true,\"valueName\":\"search_term_string\"}}],\"inLanguage\":\"es\"}]}<\/script>\n<!-- \/ Yoast SEO plugin. -->","yoast_head_json":{"title":"Acerca de m\u00ed - Victoria Prada","robots":{"index":"index","follow":"follow","max-snippet":"max-snippet:-1","max-image-preview":"max-image-preview:large","max-video-preview":"max-video-preview:-1"},"canonical":"https:\/\/victoriapradaperez.com\/sobre-mi\/","og_locale":"es_ES","og_type":"article","og_title":"Acerca de m\u00ed - Victoria Prada","og_description":"Victoria Prada P\u00e9rez Me llamo Victoria. Desde 2024 estoy trabajando como abogada independiente. Me licenci\u00e9 en Derecho por la Universidad de Barcelona en 2008, habiendo cursado un a\u00f1o en la Universidad K.U Leuven, en B\u00e9lgica. Durante la carrera trabaj\u00e9 en diversos \u00e1mbitos no relacionados con el derecho, as\u00ed como en la oficina de relaciones internacionales...","og_url":"https:\/\/victoriapradaperez.com\/sobre-mi\/","og_site_name":"Victoria Prada","article_modified_time":"2024-09-04T13:57:35+00:00","og_image":[{"url":"http:\/\/victoriapradaperez.com\/wp-content\/uploads\/2024\/08\/Victoria-aboutus.png","type":"","width":"","height":""}],"twitter_card":"summary_large_image","twitter_misc":{"Tiempo de lectura":"4 minutos"},"schema":{"@context":"https:\/\/schema.org","@graph":[{"@type":"WebPage","@id":"https:\/\/victoriapradaperez.com\/sobre-mi\/","url":"https:\/\/victoriapradaperez.com\/sobre-mi\/","name":"Acerca de m\u00ed - Victoria Prada","isPartOf":{"@id":"https:\/\/victoriapradaperez.com\/#website"},"primaryImageOfPage":{"@id":"https:\/\/victoriapradaperez.com\/sobre-mi\/#primaryimage"},"image":{"@id":"https:\/\/victoriapradaperez.com\/sobre-mi\/#primaryimage"},"thumbnailUrl":"http:\/\/victoriapradaperez.com\/wp-content\/uploads\/2024\/08\/Victoria-aboutus.png","datePublished":"2019-05-06T06:38:13+00:00","dateModified":"2024-09-04T13:57:35+00:00","breadcrumb":{"@id":"https:\/\/victoriapradaperez.com\/sobre-mi\/#breadcrumb"},"inLanguage":"es","potentialAction":[{"@type":"ReadAction","target":["https:\/\/victoriapradaperez.com\/sobre-mi\/"]}]},{"@type":"ImageObject","inLanguage":"es","@id":"https:\/\/victoriapradaperez.com\/sobre-mi\/#primaryimage","url":"http:\/\/victoriapradaperez.com\/wp-content\/uploads\/2024\/08\/Victoria-aboutus.png","contentUrl":"http:\/\/victoriapradaperez.com\/wp-content\/uploads\/2024\/08\/Victoria-aboutus.png"},{"@type":"BreadcrumbList","@id":"https:\/\/victoriapradaperez.com\/sobre-mi\/#breadcrumb","itemListElement":[{"@type":"ListItem","position":1,"name":"Inici","item":"https:\/\/victoriapradaperez.com\/es\/"},{"@type":"ListItem","position":2,"name":"Acerca de m\u00ed"}]},{"@type":"WebSite","@id":"https:\/\/victoriapradaperez.com\/#website","url":"https:\/\/victoriapradaperez.com\/","name":"Victoria Prada","description":"Advocada especialitzada en drets de la inf\u00e0ncia","potentialAction":[{"@type":"SearchAction","target":{"@type":"EntryPoint","urlTemplate":"https:\/\/victoriapradaperez.com\/?s={search_term_string}"},"query-input":{"@type":"PropertyValueSpecification","valueRequired":true,"valueName":"search_term_string"}}],"inLanguage":"es"}]}},"_links":{"self":[{"href":"https:\/\/victoriapradaperez.com\/es\/wp-json\/wp\/v2\/pages\/6751","targetHints":{"allow":["GET"]}}],"collection":[{"href":"https:\/\/victoriapradaperez.com\/es\/wp-json\/wp\/v2\/pages"}],"about":[{"href":"https:\/\/victoriapradaperez.com\/es\/wp-json\/wp\/v2\/types\/page"}],"author":[{"embeddable":true,"href":"https:\/\/victoriapradaperez.com\/es\/wp-json\/wp\/v2\/users\/1"}],"replies":[{"embeddable":true,"href":"https:\/\/victoriapradaperez.com\/es\/wp-json\/wp\/v2\/comments?post=6751"}],"version-history":[{"count":7,"href":"https:\/\/victoriapradaperez.com\/es\/wp-json\/wp\/v2\/pages\/6751\/revisions"}],"predecessor-version":[{"id":7008,"href":"https:\/\/victoriapradaperez.com\/es\/wp-json\/wp\/v2\/pages\/6751\/revisions\/7008"}],"wp:attachment":[{"href":"https:\/\/victoriapradaperez.com\/es\/wp-json\/wp\/v2\/media?parent=6751"}],"curies":[{"name":"wp","href":"https:\/\/api.w.org\/{rel}","templated":true}]}}