{"id":6749,"date":"2019-05-13T04:42:33","date_gmt":"2019-05-13T04:42:33","guid":{"rendered":"https:\/\/victoriapradaperez.com\/dgaia-e-infancias\/"},"modified":"2024-09-04T13:55:43","modified_gmt":"2024-09-04T13:55:43","slug":"dgaia-e-infancias","status":"publish","type":"page","link":"https:\/\/victoriapradaperez.com\/es\/dgaia-e-infancias\/","title":{"rendered":"DGAIA E INFANCIAS"},"content":{"rendered":"\t\t<div data-elementor-type=\"wp-page\" data-elementor-id=\"6749\" class=\"elementor elementor-6749 elementor-364\">\n\t\t\t\t\t\t<section class=\"elementor-section elementor-top-section elementor-element elementor-element-a4f4dec elementor-section-stretched elementor-section-boxed elementor-section-height-default elementor-section-height-default\" data-id=\"a4f4dec\" data-element_type=\"section\" data-settings=\"{&quot;stretch_section&quot;:&quot;section-stretched&quot;}\">\n\t\t\t\t\t\t<div class=\"elementor-container elementor-column-gap-default\">\n\t\t\t\t\t<div class=\"elementor-column elementor-col-66 elementor-top-column elementor-element elementor-element-bff20bd\" data-id=\"bff20bd\" data-element_type=\"column\">\n\t\t\t<div class=\"elementor-widget-wrap elementor-element-populated\">\n\t\t\t\t\t\t<div class=\"elementor-element elementor-element-30d7786 elementor-widget elementor-widget-text-editor\" data-id=\"30d7786\" data-element_type=\"widget\" data-widget_type=\"text-editor.default\">\n\t\t\t\t<div class=\"elementor-widget-container\">\n\t\t\t\t\t\t\t<h1>\n            <strong>DGAIA E INFANCIAS<\/strong><br \/>\n          <\/h1>\n\t\t\t\t\t\t<\/div>\n\t\t\t\t<\/div>\n\t\t\t\t<div class=\"elementor-element elementor-element-58cb9d1 elementor-widget elementor-widget-text-editor\" data-id=\"58cb9d1\" data-element_type=\"widget\" data-widget_type=\"text-editor.default\">\n\t\t\t\t<div class=\"elementor-widget-container\">\n\t\t\t\t\t\t\t<div class=\"flex max-w-full flex-col flex-grow\"><div class=\"min-h-[20px] text-message flex w-full flex-col items-end gap-2 break-words [.text-message+&amp;]:mt-5 overflow-x-auto whitespace-normal\" dir=\"auto\" data-message-author-role=\"assistant\" data-message-id=\"fcf49ca3-5eb8-41ea-b69e-6c2da1c228d9\"><div class=\"flex w-full flex-col gap-1 empty:hidden first:pt-[3px]\"><div class=\"markdown prose w-full break-words dark:prose-invert dark\"><p>Como abogada especializada en la DGAIA y en derechos de la infancia, ofrezco asesoramiento y representaci\u00f3n legal en situaciones que afectan a los ni\u00f1os y adolescentes y a sus familias. Trabajo con compromiso y dedicaci\u00f3n por garantizar sus derechos.<\/p><p>\u00a0<\/p><\/div><\/div><\/div><\/div>\t\t\t\t\t\t<\/div>\n\t\t\t\t<\/div>\n\t\t\t\t<div class=\"elementor-element elementor-element-9deb1e8 elementor-widget elementor-widget-text-editor\" data-id=\"9deb1e8\" data-element_type=\"widget\" data-widget_type=\"text-editor.default\">\n\t\t\t\t<div class=\"elementor-widget-container\">\n\t\t\t\t\t\t\t<ul><li style=\"font-weight: 400;\" aria-level=\"1\"><span style=\"font-weight: 400;\">Desamparos y desamparos preventivos<\/span><\/li><li style=\"font-weight: 400;\" aria-level=\"1\"><span style=\"font-weight: 400;\">Expedientes de riesgo<\/span><\/li><li style=\"font-weight: 400;\" aria-level=\"1\"><span style=\"font-weight: 400;\">Asesoramiento en tr\u00e1mites con la administraci\u00f3n y responsabilidades patrimoniales<\/span><\/li><li style=\"font-weight: 400;\" aria-level=\"1\"><span style=\"font-weight: 400;\">Procesos de acogida de familias extensas y ajenas<\/span><\/li><li style=\"font-weight: 400;\" aria-level=\"1\"><span style=\"font-weight: 400;\">Procesos de adopci\u00f3n, impugnaciones de no idoneidades<\/span><\/li><li style=\"font-weight: 400;\" aria-level=\"1\"><span style=\"font-weight: 400;\">Acoso escolar\u00a0<\/span><\/li><li style=\"font-weight: 400;\" aria-level=\"1\"><span style=\"font-weight: 400;\">Sanciones en colegios e institutos y multas<\/span><\/li><li style=\"font-weight: 400;\" aria-level=\"1\"><span style=\"font-weight: 400;\">Derecho penal de menores\u00a0<\/span><\/li><li style=\"font-weight: 400;\" aria-level=\"1\"><span style=\"font-weight: 400;\">Violencia vicaria<\/span><\/li><li style=\"font-weight: 400;\" aria-level=\"1\"><span style=\"font-weight: 400;\">Infancias y adolescencias trans<\/span><\/li><li style=\"font-weight: 400;\" aria-level=\"1\"><span style=\"font-weight: 400;\">Infancias y adolescencias con discapacidades<\/span><\/li><li style=\"font-weight: 400;\" aria-level=\"1\"><span style=\"font-weight: 400;\">Comunicaciones al Comit\u00e9 de los Derechos del Ni\u00f1o de Naciones Unidas<\/span><\/li><\/ul>\t\t\t\t\t\t<\/div>\n\t\t\t\t<\/div>\n\t\t\t\t\t<\/div>\n\t\t<\/div>\n\t\t\t\t<div class=\"elementor-column elementor-col-33 elementor-top-column elementor-element elementor-element-eecfe08\" data-id=\"eecfe08\" data-element_type=\"column\">\n\t\t\t<div class=\"elementor-widget-wrap elementor-element-populated\">\n\t\t\t\t\t\t<div class=\"elementor-element elementor-element-51a1f08 elementor-widget elementor-widget-prelements-cf7\" data-id=\"51a1f08\" data-element_type=\"widget\" data-widget_type=\"prelements-cf7.default\">\n\t\t\t\t<div class=\"elementor-widget-container\">\n\t\t\t\n<div class=\"wpcf7 no-js\" id=\"wpcf7-f6861-o1\" lang=\"es-ES\" dir=\"ltr\" data-wpcf7-id=\"6861\">\n<div class=\"screen-reader-response\"><p role=\"status\" aria-live=\"polite\" aria-atomic=\"true\"><\/p> <ul><\/ul><\/div>\n<form action=\"\/es\/wp-json\/wp\/v2\/pages\/6749#wpcf7-f6861-o1\" method=\"post\" class=\"wpcf7-form init\" aria-label=\"Formulario de contacto\" novalidate=\"novalidate\" data-status=\"init\">\n<fieldset class=\"hidden-fields-container\"><input type=\"hidden\" name=\"_wpcf7\" value=\"6861\" \/><input type=\"hidden\" name=\"_wpcf7_version\" value=\"6.1.1\" \/><input type=\"hidden\" name=\"_wpcf7_locale\" value=\"es_ES\" \/><input type=\"hidden\" name=\"_wpcf7_unit_tag\" value=\"wpcf7-f6861-o1\" \/><input type=\"hidden\" name=\"_wpcf7_container_post\" value=\"0\" \/><input type=\"hidden\" name=\"_wpcf7_posted_data_hash\" value=\"\" \/><input type=\"hidden\" name=\"_wpcf7_recaptcha_response\" value=\"\" \/>\n<\/fieldset>\n<div class=\"practice-areas-form\">\n\t<h3 class=\"widgettitle\">Contacta conmigo\n\t<\/h3>\n\t<p><span class=\"wpcf7-form-control-wrap\" data-name=\"your-name\"><input size=\"40\" maxlength=\"400\" class=\"wpcf7-form-control wpcf7-text wpcf7-validates-as-required\" aria-required=\"true\" aria-invalid=\"false\" placeholder=\"Tu nombre\" value=\"\" type=\"text\" name=\"your-name\" \/><\/span><br \/>\n<span class=\"wpcf7-form-control-wrap\" data-name=\"your-email\"><input size=\"40\" maxlength=\"400\" class=\"wpcf7-form-control wpcf7-email wpcf7-validates-as-required wpcf7-text wpcf7-validates-as-email\" aria-required=\"true\" aria-invalid=\"false\" placeholder=\"Tu mail\" value=\"\" type=\"email\" name=\"your-email\" \/><\/span><br \/>\n<span class=\"wpcf7-form-control-wrap\" data-name=\"your-phone\"><input size=\"40\" maxlength=\"400\" class=\"wpcf7-form-control wpcf7-text wpcf7-validates-as-required\" aria-required=\"true\" aria-invalid=\"false\" placeholder=\"Tel\u00e9fono\" value=\"\" type=\"text\" name=\"your-phone\" \/><\/span>\n\t<\/p>\n\t<p><span class=\"wpcf7-form-control-wrap\" data-name=\"your-message\"><textarea cols=\"40\" rows=\"10\" maxlength=\"2000\" class=\"wpcf7-form-control wpcf7-textarea\" aria-invalid=\"false\" placeholder=\"Mensaje\" name=\"your-message\"><\/textarea><\/span>\n\t<\/p>\n\t<p><input class=\"wpcf7-form-control wpcf7-submit has-spinner\" type=\"submit\" value=\"Enviar\" \/>\n\t<\/p>\n<\/div><div class=\"wpcf7-response-output\" aria-hidden=\"true\"><\/div>\n<\/form>\n<\/div>\n\t\t<\/div>\n\t\t\t\t<\/div>\n\t\t\t\t\t<\/div>\n\t\t<\/div>\n\t\t\t\t\t<\/div>\n\t\t<\/section>\n\t\t\t\t<\/div>\n\t\t","protected":false},"excerpt":{"rendered":"<p>DGAIA E INFANCIAS Como abogada especializada en la DGAIA y en derechos de la infancia, ofrezco asesoramiento y representaci\u00f3n legal en situaciones que afectan a los ni\u00f1os y adolescentes y a sus familias. Trabajo con compromiso y dedicaci\u00f3n por garantizar sus derechos. \u00a0 Desamparos y desamparos preventivos Expedientes de riesgo Asesoramiento en tr\u00e1mites con la&#8230;<\/p>\n","protected":false},"author":1,"featured_media":0,"parent":0,"menu_order":0,"comment_status":"closed","ping_status":"closed","template":"","meta":{"footnotes":""},"class_list":["post-6749","page","type-page","status-publish","hentry"],"yoast_head":"<!-- This site is optimized with the Yoast SEO plugin v25.8 - https:\/\/yoast.com\/wordpress\/plugins\/seo\/ -->\n<title>DGAIA E INFANCIAS - Victoria Prada<\/title>\n<meta name=\"robots\" content=\"index, follow, max-snippet:-1, max-image-preview:large, max-video-preview:-1\" \/>\n<link rel=\"canonical\" href=\"https:\/\/victoriapradaperez.com\/dgaia-i-infancies\/\" \/>\n<meta property=\"og:locale\" content=\"es_ES\" \/>\n<meta property=\"og:type\" content=\"article\" \/>\n<meta property=\"og:title\" content=\"DGAIA E INFANCIAS - Victoria Prada\" \/>\n<meta property=\"og:description\" content=\"DGAIA E INFANCIAS Como abogada especializada en la DGAIA y en derechos de la infancia, ofrezco asesoramiento y representaci\u00f3n legal en situaciones que afectan a los ni\u00f1os y adolescentes y a sus familias. Trabajo con compromiso y dedicaci\u00f3n por garantizar sus derechos. \u00a0 Desamparos y desamparos preventivos Expedientes de riesgo Asesoramiento en tr\u00e1mites con la...\" \/>\n<meta property=\"og:url\" content=\"https:\/\/victoriapradaperez.com\/dgaia-i-infancies\/\" \/>\n<meta property=\"og:site_name\" content=\"Victoria Prada\" \/>\n<meta property=\"article:modified_time\" content=\"2024-09-04T13:55:43+00:00\" \/>\n<meta name=\"twitter:card\" content=\"summary_large_image\" \/>\n<meta name=\"twitter:label1\" content=\"Tiempo de lectura\" \/>\n\t<meta name=\"twitter:data1\" content=\"1 minuto\" \/>\n<script type=\"application\/ld+json\" class=\"yoast-schema-graph\">{\"@context\":\"https:\/\/schema.org\",\"@graph\":[{\"@type\":\"WebPage\",\"@id\":\"https:\/\/victoriapradaperez.com\/dgaia-i-infancies\/\",\"url\":\"https:\/\/victoriapradaperez.com\/dgaia-i-infancies\/\",\"name\":\"DGAIA E INFANCIAS - Victoria Prada\",\"isPartOf\":{\"@id\":\"https:\/\/victoriapradaperez.com\/#website\"},\"datePublished\":\"2019-05-13T04:42:33+00:00\",\"dateModified\":\"2024-09-04T13:55:43+00:00\",\"breadcrumb\":{\"@id\":\"https:\/\/victoriapradaperez.com\/dgaia-i-infancies\/#breadcrumb\"},\"inLanguage\":\"es\",\"potentialAction\":[{\"@type\":\"ReadAction\",\"target\":[\"https:\/\/victoriapradaperez.com\/dgaia-i-infancies\/\"]}]},{\"@type\":\"BreadcrumbList\",\"@id\":\"https:\/\/victoriapradaperez.com\/dgaia-i-infancies\/#breadcrumb\",\"itemListElement\":[{\"@type\":\"ListItem\",\"position\":1,\"name\":\"Inici\",\"item\":\"https:\/\/victoriapradaperez.com\/es\/\"},{\"@type\":\"ListItem\",\"position\":2,\"name\":\"DGAIA E INFANCIAS\"}]},{\"@type\":\"WebSite\",\"@id\":\"https:\/\/victoriapradaperez.com\/#website\",\"url\":\"https:\/\/victoriapradaperez.com\/\",\"name\":\"Victoria Prada\",\"description\":\"Advocada especialitzada en drets de la inf\u00e0ncia\",\"potentialAction\":[{\"@type\":\"SearchAction\",\"target\":{\"@type\":\"EntryPoint\",\"urlTemplate\":\"https:\/\/victoriapradaperez.com\/?s={search_term_string}\"},\"query-input\":{\"@type\":\"PropertyValueSpecification\",\"valueRequired\":true,\"valueName\":\"search_term_string\"}}],\"inLanguage\":\"es\"}]}<\/script>\n<!-- \/ Yoast SEO plugin. -->","yoast_head_json":{"title":"DGAIA E INFANCIAS - Victoria Prada","robots":{"index":"index","follow":"follow","max-snippet":"max-snippet:-1","max-image-preview":"max-image-preview:large","max-video-preview":"max-video-preview:-1"},"canonical":"https:\/\/victoriapradaperez.com\/dgaia-i-infancies\/","og_locale":"es_ES","og_type":"article","og_title":"DGAIA E INFANCIAS - Victoria Prada","og_description":"DGAIA E INFANCIAS Como abogada especializada en la DGAIA y en derechos de la infancia, ofrezco asesoramiento y representaci\u00f3n legal en situaciones que afectan a los ni\u00f1os y adolescentes y a sus familias. Trabajo con compromiso y dedicaci\u00f3n por garantizar sus derechos. \u00a0 Desamparos y desamparos preventivos Expedientes de riesgo Asesoramiento en tr\u00e1mites con la...","og_url":"https:\/\/victoriapradaperez.com\/dgaia-i-infancies\/","og_site_name":"Victoria Prada","article_modified_time":"2024-09-04T13:55:43+00:00","twitter_card":"summary_large_image","twitter_misc":{"Tiempo de lectura":"1 minuto"},"schema":{"@context":"https:\/\/schema.org","@graph":[{"@type":"WebPage","@id":"https:\/\/victoriapradaperez.com\/dgaia-i-infancies\/","url":"https:\/\/victoriapradaperez.com\/dgaia-i-infancies\/","name":"DGAIA E INFANCIAS - Victoria Prada","isPartOf":{"@id":"https:\/\/victoriapradaperez.com\/#website"},"datePublished":"2019-05-13T04:42:33+00:00","dateModified":"2024-09-04T13:55:43+00:00","breadcrumb":{"@id":"https:\/\/victoriapradaperez.com\/dgaia-i-infancies\/#breadcrumb"},"inLanguage":"es","potentialAction":[{"@type":"ReadAction","target":["https:\/\/victoriapradaperez.com\/dgaia-i-infancies\/"]}]},{"@type":"BreadcrumbList","@id":"https:\/\/victoriapradaperez.com\/dgaia-i-infancies\/#breadcrumb","itemListElement":[{"@type":"ListItem","position":1,"name":"Inici","item":"https:\/\/victoriapradaperez.com\/es\/"},{"@type":"ListItem","position":2,"name":"DGAIA E INFANCIAS"}]},{"@type":"WebSite","@id":"https:\/\/victoriapradaperez.com\/#website","url":"https:\/\/victoriapradaperez.com\/","name":"Victoria Prada","description":"Advocada especialitzada en drets de la inf\u00e0ncia","potentialAction":[{"@type":"SearchAction","target":{"@type":"EntryPoint","urlTemplate":"https:\/\/victoriapradaperez.com\/?s={search_term_string}"},"query-input":{"@type":"PropertyValueSpecification","valueRequired":true,"valueName":"search_term_string"}}],"inLanguage":"es"}]}},"_links":{"self":[{"href":"https:\/\/victoriapradaperez.com\/es\/wp-json\/wp\/v2\/pages\/6749","targetHints":{"allow":["GET"]}}],"collection":[{"href":"https:\/\/victoriapradaperez.com\/es\/wp-json\/wp\/v2\/pages"}],"about":[{"href":"https:\/\/victoriapradaperez.com\/es\/wp-json\/wp\/v2\/types\/page"}],"author":[{"embeddable":true,"href":"https:\/\/victoriapradaperez.com\/es\/wp-json\/wp\/v2\/users\/1"}],"replies":[{"embeddable":true,"href":"https:\/\/victoriapradaperez.com\/es\/wp-json\/wp\/v2\/comments?post=6749"}],"version-history":[{"count":13,"href":"https:\/\/victoriapradaperez.com\/es\/wp-json\/wp\/v2\/pages\/6749\/revisions"}],"predecessor-version":[{"id":7005,"href":"https:\/\/victoriapradaperez.com\/es\/wp-json\/wp\/v2\/pages\/6749\/revisions\/7005"}],"wp:attachment":[{"href":"https:\/\/victoriapradaperez.com\/es\/wp-json\/wp\/v2\/media?parent=6749"}],"curies":[{"name":"wp","href":"https:\/\/api.w.org\/{rel}","templated":true}]}}